{"id":52747,"date":"2022-09-01T08:38:36","date_gmt":"2022-09-01T06:38:36","guid":{"rendered":"https:\/\/2022.q-lite.com\/conditions\/"},"modified":"2022-11-30T11:30:52","modified_gmt":"2022-11-30T11:30:52","slug":"conditions","status":"publish","type":"page","link":"https:\/\/www.q-lite.com\/fr\/conditions\/","title":{"rendered":"Conditions"},"content":{"rendered":"\t\t<div data-elementor-type=\"wp-page\" data-elementor-id=\"52747\" class=\"elementor elementor-52747 elementor-44044\" data-elementor-post-type=\"page\">\n\t\t\t\t\t\t<section class=\"elementor-section elementor-top-section elementor-element elementor-element-da07ee1 elementor-section-boxed elementor-section-height-default elementor-section-height-default\" data-id=\"da07ee1\" data-element_type=\"section\" data-e-type=\"section\">\n\t\t\t\t\t\t<div class=\"elementor-container elementor-column-gap-default\">\n\t\t\t\t\t<div class=\"elementor-column elementor-col-50 elementor-top-column elementor-element elementor-element-e159994\" data-id=\"e159994\" data-element_type=\"column\" data-e-type=\"column\">\n\t\t\t<div class=\"elementor-widget-wrap elementor-element-populated\">\n\t\t\t\t\t\t<div class=\"elementor-element elementor-element-4475c61 elementor-widget elementor-widget-heading\" data-id=\"4475c61\" data-element_type=\"widget\" data-e-type=\"widget\" data-widget_type=\"heading.default\">\n\t\t\t\t<div class=\"elementor-widget-container\">\n\t\t\t\t\t<h2 class=\"elementor-heading-title elementor-size-default\">Les Pays-Bas<\/h2>\t\t\t\t<\/div>\n\t\t\t\t<\/div>\n\t\t\t\t<div class=\"elementor-element elementor-element-903dc1c elementor-widget elementor-widget-button\" data-id=\"903dc1c\" data-element_type=\"widget\" data-e-type=\"widget\" data-widget_type=\"button.default\">\n\t\t\t\t<div class=\"elementor-widget-container\">\n\t\t\t\t\t\t\t\t\t<div class=\"elementor-button-wrapper\">\n\t\t\t\t\t<a class=\"elementor-button elementor-button-link elementor-size-sm\" href=\"https:\/\/drive.google.com\/uc?export=download&#038;id=1tCz7ISfmrGf_Gxtn4aOIBYbTnpgrgC0F\">\n\t\t\t\t\t\t<span class=\"elementor-button-content-wrapper\">\n\t\t\t\t\t\t<span class=\"elementor-button-icon\">\n\t\t\t\t<i aria-hidden=\"true\" class=\"fas fa-file-download\"><\/i>\t\t\t<\/span>\n\t\t\t\t\t\t\t\t\t<span class=\"elementor-button-text\">Conditions g\u00e9n\u00e9rales de vente<\/span>\n\t\t\t\t\t<\/span>\n\t\t\t\t\t<\/a>\n\t\t\t\t<\/div>\n\t\t\t\t\t\t\t\t<\/div>\n\t\t\t\t<\/div>\n\t\t\t\t\t<\/div>\n\t\t<\/div>\n\t\t\t\t<div class=\"elementor-column elementor-col-50 elementor-top-column elementor-element elementor-element-3e84bdd\" data-id=\"3e84bdd\" data-element_type=\"column\" data-e-type=\"column\">\n\t\t\t<div class=\"elementor-widget-wrap elementor-element-populated\">\n\t\t\t\t\t\t<div class=\"elementor-element elementor-element-82fb1cd elementor-widget elementor-widget-heading\" data-id=\"82fb1cd\" data-element_type=\"widget\" data-e-type=\"widget\" data-widget_type=\"heading.default\">\n\t\t\t\t<div class=\"elementor-widget-container\">\n\t\t\t\t\t<h2 class=\"elementor-heading-title elementor-size-default\">Belgique<\/h2>\t\t\t\t<\/div>\n\t\t\t\t<\/div>\n\t\t\t\t<div class=\"elementor-element elementor-element-079346c elementor-widget elementor-widget-button\" data-id=\"079346c\" data-element_type=\"widget\" data-e-type=\"widget\" data-widget_type=\"button.default\">\n\t\t\t\t<div class=\"elementor-widget-container\">\n\t\t\t\t\t\t\t\t\t<div class=\"elementor-button-wrapper\">\n\t\t\t\t\t<a class=\"elementor-button elementor-button-link elementor-size-sm\" href=\"https:\/\/drive.google.com\/uc?export=download&#038;id=1XrtxYt-e_pCj13TpSLywNuMOgaP60EL9\">\n\t\t\t\t\t\t<span class=\"elementor-button-content-wrapper\">\n\t\t\t\t\t\t<span class=\"elementor-button-icon\">\n\t\t\t\t<i aria-hidden=\"true\" class=\"fas fa-file-download\"><\/i>\t\t\t<\/span>\n\t\t\t\t\t\t\t\t\t<span class=\"elementor-button-text\">Conditions g\u00e9n\u00e9rales de vente (N\u00e9erlandais)<\/span>\n\t\t\t\t\t<\/span>\n\t\t\t\t\t<\/a>\n\t\t\t\t<\/div>\n\t\t\t\t\t\t\t\t<\/div>\n\t\t\t\t<\/div>\n\t\t\t\t<div class=\"elementor-element elementor-element-6cb1660 elementor-widget elementor-widget-button\" data-id=\"6cb1660\" data-element_type=\"widget\" data-e-type=\"widget\" data-widget_type=\"button.default\">\n\t\t\t\t<div class=\"elementor-widget-container\">\n\t\t\t\t\t\t\t\t\t<div class=\"elementor-button-wrapper\">\n\t\t\t\t\t<a class=\"elementor-button elementor-button-link elementor-size-sm\" href=\"https:\/\/drive.google.com\/uc?export=download&#038;id=1UkJl51js-DwMjwFqYXpvYIMu9mTfU7Lw\">\n\t\t\t\t\t\t<span class=\"elementor-button-content-wrapper\">\n\t\t\t\t\t\t<span class=\"elementor-button-icon\">\n\t\t\t\t<i aria-hidden=\"true\" class=\"fas fa-file-download\"><\/i>\t\t\t<\/span>\n\t\t\t\t\t\t\t\t\t<span class=\"elementor-button-text\">Conditions g\u00e9n\u00e9rales de vente (Fran\u00e7ais)<\/span>\n\t\t\t\t\t<\/span>\n\t\t\t\t\t<\/a>\n\t\t\t\t<\/div>\n\t\t\t\t\t\t\t\t<\/div>\n\t\t\t\t<\/div>\n\t\t\t\t<div class=\"elementor-element elementor-element-24a2d68 elementor-widget elementor-widget-button\" data-id=\"24a2d68\" data-element_type=\"widget\" data-e-type=\"widget\" data-widget_type=\"button.default\">\n\t\t\t\t<div class=\"elementor-widget-container\">\n\t\t\t\t\t\t\t\t\t<div class=\"elementor-button-wrapper\">\n\t\t\t\t\t<a class=\"elementor-button elementor-button-link elementor-size-sm\" href=\"https:\/\/drive.google.com\/uc?export=download&#038;id=1fvS9FZLJj7rPsYswKrQu6nrI_cnIoGl2\">\n\t\t\t\t\t\t<span class=\"elementor-button-content-wrapper\">\n\t\t\t\t\t\t<span class=\"elementor-button-icon\">\n\t\t\t\t<i aria-hidden=\"true\" class=\"fas fa-file-download\"><\/i>\t\t\t<\/span>\n\t\t\t\t\t\t\t\t\t<span class=\"elementor-button-text\">Conditions g\u00e9n\u00e9rales de vente (Anglais)<\/span>\n\t\t\t\t\t<\/span>\n\t\t\t\t\t<\/a>\n\t\t\t\t<\/div>\n\t\t\t\t\t\t\t\t<\/div>\n\t\t\t\t<\/div>\n\t\t\t\t\t<\/div>\n\t\t<\/div>\n\t\t\t\t\t<\/div>\n\t\t<\/section>\n\t\t\t\t<\/div>\n\t\t","protected":false},"excerpt":{"rendered":"<p>Les Pays-Bas Conditions g\u00e9n\u00e9rales de vente Belgique Conditions g\u00e9n\u00e9rales de vente (N\u00e9erlandais) Conditions g\u00e9n\u00e9rales de vente (Fran\u00e7ais) Conditions g\u00e9n\u00e9rales de vente (Anglais)<\/p>\n","protected":false},"author":1,"featured_media":0,"parent":0,"menu_order":900,"comment_status":"closed","ping_status":"closed","template":"","meta":{"_acf_changed":false,"footnotes":""},"markt":[],"class_list":["post-52747","page","type-page","status-publish","hentry"],"acf":[],"yoast_head":"<!-- This site is optimized with the Yoast SEO plugin v27.1.1 - https:\/\/yoast.com\/product\/yoast-seo-wordpress\/ -->\n<title>Conditions | Q-lite<\/title>\n<meta name=\"robots\" content=\"index, follow, max-snippet:-1, max-image-preview:large, max-video-preview:-1\" \/>\n<link rel=\"canonical\" href=\"https:\/\/www.q-lite.com\/fr\/conditions\/\" \/>\n<meta property=\"og:locale\" content=\"fr_FR\" \/>\n<meta property=\"og:type\" content=\"article\" \/>\n<meta property=\"og:title\" content=\"Conditions | Q-lite\" \/>\n<meta property=\"og:description\" content=\"Les Pays-Bas Conditions g\u00e9n\u00e9rales de vente Belgique Conditions g\u00e9n\u00e9rales de vente (N\u00e9erlandais) Conditions g\u00e9n\u00e9rales de vente (Fran\u00e7ais) Conditions g\u00e9n\u00e9rales de vente (Anglais)\" \/>\n<meta property=\"og:url\" content=\"https:\/\/www.q-lite.com\/fr\/conditions\/\" \/>\n<meta property=\"og:site_name\" content=\"Q-lite\" \/>\n<meta property=\"article:publisher\" content=\"https:\/\/www.facebook.com\/qlite.led\/\" \/>\n<meta property=\"article:modified_time\" content=\"2022-11-30T11:30:52+00:00\" \/>\n<meta property=\"og:image\" content=\"https:\/\/www.q-lite.com\/wp-content\/uploads\/2020\/08\/qlite-head-office-factory-baarle.jpg\" \/>\n\t<meta property=\"og:image:width\" content=\"1920\" \/>\n\t<meta property=\"og:image:height\" content=\"1280\" \/>\n\t<meta property=\"og:image:type\" content=\"image\/jpeg\" \/>\n<meta name=\"twitter:card\" content=\"summary_large_image\" \/>\n<script type=\"application\/ld+json\" class=\"yoast-schema-graph\">{\"@context\":\"https:\/\/schema.org\",\"@graph\":[{\"@type\":\"WebPage\",\"@id\":\"https:\/\/www.q-lite.com\/fr\/conditions\/\",\"url\":\"https:\/\/www.q-lite.com\/fr\/conditions\/\",\"name\":\"Conditions | Q-lite\",\"isPartOf\":{\"@id\":\"https:\/\/www.q-lite.com\/fr\/#website\"},\"datePublished\":\"2022-09-01T06:38:36+00:00\",\"dateModified\":\"2022-11-30T11:30:52+00:00\",\"breadcrumb\":{\"@id\":\"https:\/\/www.q-lite.com\/fr\/conditions\/#breadcrumb\"},\"inLanguage\":\"fr-FR\",\"potentialAction\":[{\"@type\":\"ReadAction\",\"target\":[\"https:\/\/www.q-lite.com\/fr\/conditions\/\"]}]},{\"@type\":\"BreadcrumbList\",\"@id\":\"https:\/\/www.q-lite.com\/fr\/conditions\/#breadcrumb\",\"itemListElement\":[{\"@type\":\"ListItem\",\"position\":1,\"name\":\"Home\",\"item\":\"https:\/\/www.q-lite.com\/fr\/\"},{\"@type\":\"ListItem\",\"position\":2,\"name\":\"Conditions\"}]},{\"@type\":\"WebSite\",\"@id\":\"https:\/\/www.q-lite.com\/fr\/#website\",\"url\":\"https:\/\/www.q-lite.com\/fr\/\",\"name\":\"Q-lite\",\"description\":\"The Smartest Kind of Attention\",\"publisher\":{\"@id\":\"https:\/\/www.q-lite.com\/fr\/#organization\"},\"potentialAction\":[{\"@type\":\"SearchAction\",\"target\":{\"@type\":\"EntryPoint\",\"urlTemplate\":\"https:\/\/www.q-lite.com\/fr\/?s={search_term_string}\"},\"query-input\":{\"@type\":\"PropertyValueSpecification\",\"valueRequired\":true,\"valueName\":\"search_term_string\"}}],\"inLanguage\":\"fr-FR\"},{\"@type\":\"Organization\",\"@id\":\"https:\/\/www.q-lite.com\/fr\/#organization\",\"name\":\"Q-lite\",\"url\":\"https:\/\/www.q-lite.com\/fr\/\",\"logo\":{\"@type\":\"ImageObject\",\"inLanguage\":\"fr-FR\",\"@id\":\"https:\/\/www.q-lite.com\/fr\/#\/schema\/logo\/image\/\",\"url\":\"https:\/\/www.q-lite.com\/wp-content\/uploads\/2020\/11\/Q-LITE-LOGO-RGB-background-gradient-baseline.png\",\"contentUrl\":\"https:\/\/www.q-lite.com\/wp-content\/uploads\/2020\/11\/Q-LITE-LOGO-RGB-background-gradient-baseline.png\",\"width\":1200,\"height\":900,\"caption\":\"Q-lite\"},\"image\":{\"@id\":\"https:\/\/www.q-lite.com\/fr\/#\/schema\/logo\/image\/\"},\"sameAs\":[\"https:\/\/www.facebook.com\/qlite.led\/\",\"https:\/\/www.instagram.com\/qlite.led\/\",\"https:\/\/www.linkedin.com\/company\/q-lite\/\",\"https:\/\/www.youtube.com\/@q-lite\"]}]}<\/script>\n<!-- \/ Yoast SEO plugin. -->","yoast_head_json":{"title":"Conditions | Q-lite","robots":{"index":"index","follow":"follow","max-snippet":"max-snippet:-1","max-image-preview":"max-image-preview:large","max-video-preview":"max-video-preview:-1"},"canonical":"https:\/\/www.q-lite.com\/fr\/conditions\/","og_locale":"fr_FR","og_type":"article","og_title":"Conditions | Q-lite","og_description":"Les Pays-Bas Conditions g\u00e9n\u00e9rales de vente Belgique Conditions g\u00e9n\u00e9rales de vente (N\u00e9erlandais) Conditions g\u00e9n\u00e9rales de vente (Fran\u00e7ais) Conditions g\u00e9n\u00e9rales de vente (Anglais)","og_url":"https:\/\/www.q-lite.com\/fr\/conditions\/","og_site_name":"Q-lite","article_publisher":"https:\/\/www.facebook.com\/qlite.led\/","article_modified_time":"2022-11-30T11:30:52+00:00","og_image":[{"width":1920,"height":1280,"url":"https:\/\/www.q-lite.com\/wp-content\/uploads\/2020\/08\/qlite-head-office-factory-baarle.jpg","type":"image\/jpeg"}],"twitter_card":"summary_large_image","schema":{"@context":"https:\/\/schema.org","@graph":[{"@type":"WebPage","@id":"https:\/\/www.q-lite.com\/fr\/conditions\/","url":"https:\/\/www.q-lite.com\/fr\/conditions\/","name":"Conditions | Q-lite","isPartOf":{"@id":"https:\/\/www.q-lite.com\/fr\/#website"},"datePublished":"2022-09-01T06:38:36+00:00","dateModified":"2022-11-30T11:30:52+00:00","breadcrumb":{"@id":"https:\/\/www.q-lite.com\/fr\/conditions\/#breadcrumb"},"inLanguage":"fr-FR","potentialAction":[{"@type":"ReadAction","target":["https:\/\/www.q-lite.com\/fr\/conditions\/"]}]},{"@type":"BreadcrumbList","@id":"https:\/\/www.q-lite.com\/fr\/conditions\/#breadcrumb","itemListElement":[{"@type":"ListItem","position":1,"name":"Home","item":"https:\/\/www.q-lite.com\/fr\/"},{"@type":"ListItem","position":2,"name":"Conditions"}]},{"@type":"WebSite","@id":"https:\/\/www.q-lite.com\/fr\/#website","url":"https:\/\/www.q-lite.com\/fr\/","name":"Q-lite","description":"The Smartest Kind of Attention","publisher":{"@id":"https:\/\/www.q-lite.com\/fr\/#organization"},"potentialAction":[{"@type":"SearchAction","target":{"@type":"EntryPoint","urlTemplate":"https:\/\/www.q-lite.com\/fr\/?s={search_term_string}"},"query-input":{"@type":"PropertyValueSpecification","valueRequired":true,"valueName":"search_term_string"}}],"inLanguage":"fr-FR"},{"@type":"Organization","@id":"https:\/\/www.q-lite.com\/fr\/#organization","name":"Q-lite","url":"https:\/\/www.q-lite.com\/fr\/","logo":{"@type":"ImageObject","inLanguage":"fr-FR","@id":"https:\/\/www.q-lite.com\/fr\/#\/schema\/logo\/image\/","url":"https:\/\/www.q-lite.com\/wp-content\/uploads\/2020\/11\/Q-LITE-LOGO-RGB-background-gradient-baseline.png","contentUrl":"https:\/\/www.q-lite.com\/wp-content\/uploads\/2020\/11\/Q-LITE-LOGO-RGB-background-gradient-baseline.png","width":1200,"height":900,"caption":"Q-lite"},"image":{"@id":"https:\/\/www.q-lite.com\/fr\/#\/schema\/logo\/image\/"},"sameAs":["https:\/\/www.facebook.com\/qlite.led\/","https:\/\/www.instagram.com\/qlite.led\/","https:\/\/www.linkedin.com\/company\/q-lite\/","https:\/\/www.youtube.com\/@q-lite"]}]}},"_links":{"self":[{"href":"https:\/\/www.q-lite.com\/fr\/wp-json\/wp\/v2\/pages\/52747","targetHints":{"allow":["GET"]}}],"collection":[{"href":"https:\/\/www.q-lite.com\/fr\/wp-json\/wp\/v2\/pages"}],"about":[{"href":"https:\/\/www.q-lite.com\/fr\/wp-json\/wp\/v2\/types\/page"}],"author":[{"embeddable":true,"href":"https:\/\/www.q-lite.com\/fr\/wp-json\/wp\/v2\/users\/1"}],"replies":[{"embeddable":true,"href":"https:\/\/www.q-lite.com\/fr\/wp-json\/wp\/v2\/comments?post=52747"}],"version-history":[{"count":0,"href":"https:\/\/www.q-lite.com\/fr\/wp-json\/wp\/v2\/pages\/52747\/revisions"}],"wp:attachment":[{"href":"https:\/\/www.q-lite.com\/fr\/wp-json\/wp\/v2\/media?parent=52747"}],"wp:term":[{"taxonomy":"markt","embeddable":true,"href":"https:\/\/www.q-lite.com\/fr\/wp-json\/wp\/v2\/markt?post=52747"}],"curies":[{"name":"wp","href":"https:\/\/api.w.org\/{rel}","templated":true}]}}