{"id":54071,"date":"2022-08-15T15:35:40","date_gmt":"2022-08-15T13:35:40","guid":{"rendered":"https:\/\/2022.q-lite.com\/solutions\/trafic\/"},"modified":"2023-01-05T15:44:23","modified_gmt":"2023-01-05T15:44:23","slug":"trafic","status":"publish","type":"page","link":"https:\/\/www.q-lite.com\/fr\/solutions\/trafic\/","title":{"rendered":"Trafic"},"content":{"rendered":"\t\t<div data-elementor-type=\"wp-page\" data-elementor-id=\"54071\" class=\"elementor elementor-54071 elementor-42399\" data-elementor-post-type=\"page\">\n\t\t\t\t\t\t<section class=\"elementor-section elementor-top-section elementor-element elementor-element-f3def81 elementor-section-boxed elementor-section-height-default elementor-section-height-default\" data-id=\"f3def81\" data-element_type=\"section\" data-e-type=\"section\">\n\t\t\t\t\t\t<div class=\"elementor-container elementor-column-gap-default\">\n\t\t\t\t\t<div class=\"elementor-column elementor-col-100 elementor-top-column elementor-element elementor-element-2239b59\" data-id=\"2239b59\" data-element_type=\"column\" data-e-type=\"column\">\n\t\t\t<div class=\"elementor-widget-wrap elementor-element-populated\">\n\t\t\t\t\t\t<div class=\"elementor-element elementor-element-4c30520 elementor-widget elementor-widget-heading\" data-id=\"4c30520\" data-element_type=\"widget\" data-e-type=\"widget\" data-widget_type=\"heading.default\">\n\t\t\t\t<div class=\"elementor-widget-container\">\n\t\t\t\t\t<h1 class=\"elementor-heading-title elementor-size-default\">Trafic<\/h1>\t\t\t\t<\/div>\n\t\t\t\t<\/div>\n\t\t\t\t<div class=\"elementor-element elementor-element-c4330b1 elementor-grid-3 elementor-grid-tablet-2 elementor-grid-mobile-1 elementor-posts--thumbnail-top elementor-widget elementor-widget-posts\" data-id=\"c4330b1\" data-element_type=\"widget\" data-e-type=\"widget\" data-settings=\"{&quot;classic_columns&quot;:&quot;3&quot;,&quot;classic_columns_tablet&quot;:&quot;2&quot;,&quot;classic_columns_mobile&quot;:&quot;1&quot;,&quot;classic_row_gap&quot;:{&quot;unit&quot;:&quot;px&quot;,&quot;size&quot;:35,&quot;sizes&quot;:[]},&quot;classic_row_gap_tablet&quot;:{&quot;unit&quot;:&quot;px&quot;,&quot;size&quot;:&quot;&quot;,&quot;sizes&quot;:[]},&quot;classic_row_gap_mobile&quot;:{&quot;unit&quot;:&quot;px&quot;,&quot;size&quot;:&quot;&quot;,&quot;sizes&quot;:[]}}\" data-widget_type=\"posts.classic\">\n\t\t\t\t<div class=\"elementor-widget-container\">\n\t\t\t\t\t\t\t<div class=\"elementor-posts-container elementor-posts elementor-posts--skin-classic elementor-grid\" role=\"list\">\n\t\t\t\t<article class=\"elementor-post elementor-grid-item post-53785 page type-page status-publish has-post-thumbnail hentry markt-trafic markt-verkeer markt-villes-et-communes\" role=\"listitem\">\n\t\t\t\t<a class=\"elementor-post__thumbnail__link\" href=\"https:\/\/www.q-lite.com\/fr\/solutions\/trafic\/panneaux-de-signalisation-dynamiques\/\" tabindex=\"-1\" >\n\t\t\t<div class=\"elementor-post__thumbnail\"><img fetchpriority=\"high\" decoding=\"async\" width=\"768\" height=\"512\" src=\"https:\/\/www.q-lite.com\/wp-content\/uploads\/2020\/06\/dynamisch-verkeersbord-4-768x512.jpg\" class=\"attachment-medium_large size-medium_large wp-image-50834\" alt=\"dynamisch verkeersbord bij open brug\" srcset=\"https:\/\/www.q-lite.com\/wp-content\/uploads\/2020\/06\/dynamisch-verkeersbord-4-768x512.jpg 768w, https:\/\/www.q-lite.com\/wp-content\/uploads\/2020\/06\/dynamisch-verkeersbord-4-300x200.jpg 300w, https:\/\/www.q-lite.com\/wp-content\/uploads\/2020\/06\/dynamisch-verkeersbord-4-1024x683.jpg 1024w, https:\/\/www.q-lite.com\/wp-content\/uploads\/2020\/06\/dynamisch-verkeersbord-4.jpg 1152w\" sizes=\"(max-width: 768px) 100vw, 768px\" \/><\/div>\n\t\t<\/a>\n\t\t\t\t<div class=\"elementor-post__text\">\n\t\t\t\t<h3 class=\"elementor-post__title\">\n\t\t\t<a href=\"https:\/\/www.q-lite.com\/fr\/solutions\/trafic\/panneaux-de-signalisation-dynamiques\/\" >\n\t\t\t\tPanneaux de signalisation dynamiques\t\t\t<\/a>\n\t\t<\/h3>\n\t\t\t\t<div class=\"elementor-post__excerpt\">\n\t\t\t<p>Informez les usagers de la route des situations de circulation temporaires gr\u00e2ce aux panneaux de signalisation LED.<\/p>\n\t\t<\/div>\n\t\t\n\t\t<a class=\"elementor-post__read-more\" href=\"https:\/\/www.q-lite.com\/fr\/solutions\/trafic\/panneaux-de-signalisation-dynamiques\/\" aria-label=\"En savoir plus sur Panneaux de signalisation dynamiques\" tabindex=\"-1\" >\n\t\t\tLire la suite \u00bb\t\t<\/a>\n\n\t\t\t\t<\/div>\n\t\t\t\t<\/article>\n\t\t\t\t<article class=\"elementor-post elementor-grid-item post-56422 page type-page status-publish has-post-thumbnail hentry markt-trafic markt-villes-et-communes\" role=\"listitem\">\n\t\t\t\t<a class=\"elementor-post__thumbnail__link\" href=\"https:\/\/www.q-lite.com\/fr\/solutions\/trafic\/signalisation-mobile\/\" tabindex=\"-1\" >\n\t\t\t<div class=\"elementor-post__thumbnail\"><img decoding=\"async\" width=\"768\" height=\"512\" src=\"https:\/\/www.q-lite.com\/wp-content\/uploads\/2020\/06\/led-mobiele-signalisatie-768x512.jpg\" class=\"attachment-medium_large size-medium_large wp-image-50772\" alt=\"Mobiele verkees signalisatie\" srcset=\"https:\/\/www.q-lite.com\/wp-content\/uploads\/2020\/06\/led-mobiele-signalisatie-768x512.jpg 768w, https:\/\/www.q-lite.com\/wp-content\/uploads\/2020\/06\/led-mobiele-signalisatie-300x200.jpg 300w, https:\/\/www.q-lite.com\/wp-content\/uploads\/2020\/06\/led-mobiele-signalisatie-1024x683.jpg 1024w, https:\/\/www.q-lite.com\/wp-content\/uploads\/2020\/06\/led-mobiele-signalisatie-1536x1024.jpg 1536w, https:\/\/www.q-lite.com\/wp-content\/uploads\/2020\/06\/led-mobiele-signalisatie.jpg 1920w\" sizes=\"(max-width: 768px) 100vw, 768px\" \/><\/div>\n\t\t<\/a>\n\t\t\t\t<div class=\"elementor-post__text\">\n\t\t\t\t<h3 class=\"elementor-post__title\">\n\t\t\t<a href=\"https:\/\/www.q-lite.com\/fr\/solutions\/trafic\/signalisation-mobile\/\" >\n\t\t\t\tSignalisation mobile\t\t\t<\/a>\n\t\t<\/h3>\n\t\t\t\t<div class=\"elementor-post__excerpt\">\n\t\t\t<p>Informer sur les situations (temporaires) de circulation telles que les travaux routiers ou les urgences.<\/p>\n\t\t<\/div>\n\t\t\n\t\t<a class=\"elementor-post__read-more\" href=\"https:\/\/www.q-lite.com\/fr\/solutions\/trafic\/signalisation-mobile\/\" aria-label=\"En savoir plus sur Signalisation mobile\" tabindex=\"-1\" >\n\t\t\tLire la suite \u00bb\t\t<\/a>\n\n\t\t\t\t<\/div>\n\t\t\t\t<\/article>\n\t\t\t\t<article class=\"elementor-post elementor-grid-item post-57567 page type-page status-publish has-post-thumbnail hentry markt-trafic markt-verkeer\" role=\"listitem\">\n\t\t\t\t<a class=\"elementor-post__thumbnail__link\" href=\"https:\/\/www.q-lite.com\/fr\/solutions\/trafic\/panneaux-de-signalisation-de-la-zone-30\/\" tabindex=\"-1\" >\n\t\t\t<div class=\"elementor-post__thumbnail\"><img decoding=\"async\" width=\"768\" height=\"512\" src=\"https:\/\/www.q-lite.com\/wp-content\/uploads\/2024\/03\/QLI-Merksem_Zone30-lowres-26-768x512.jpg\" class=\"attachment-medium_large size-medium_large wp-image-67100\" alt=\"zone 30 display langs de weg\" srcset=\"https:\/\/www.q-lite.com\/wp-content\/uploads\/2024\/03\/QLI-Merksem_Zone30-lowres-26-768x512.jpg 768w, https:\/\/www.q-lite.com\/wp-content\/uploads\/2024\/03\/QLI-Merksem_Zone30-lowres-26-512x341.jpg 512w, https:\/\/www.q-lite.com\/wp-content\/uploads\/2024\/03\/QLI-Merksem_Zone30-lowres-26-1024x683.jpg 1024w, https:\/\/www.q-lite.com\/wp-content\/uploads\/2024\/03\/QLI-Merksem_Zone30-lowres-26-1536x1024.jpg 1536w, https:\/\/www.q-lite.com\/wp-content\/uploads\/2024\/03\/QLI-Merksem_Zone30-lowres-26.jpg 1600w\" sizes=\"(max-width: 768px) 100vw, 768px\" \/><\/div>\n\t\t<\/a>\n\t\t\t\t<div class=\"elementor-post__text\">\n\t\t\t\t<h3 class=\"elementor-post__title\">\n\t\t\t<a href=\"https:\/\/www.q-lite.com\/fr\/solutions\/trafic\/panneaux-de-signalisation-de-la-zone-30\/\" >\n\t\t\t\tPanneaux de signalisation de la zone 30\t\t\t<\/a>\n\t\t<\/h3>\n\t\t\t\t<div class=\"elementor-post__excerpt\">\n\t\t\t<p>Pour assurer la s\u00e9curit\u00e9 dans les \u00e9coles, les panneaux dynamiques de zone 30 sont utilis\u00e9s dans un nombre croissant de municipalit\u00e9s. <\/p>\n\t\t<\/div>\n\t\t\n\t\t<a class=\"elementor-post__read-more\" href=\"https:\/\/www.q-lite.com\/fr\/solutions\/trafic\/panneaux-de-signalisation-de-la-zone-30\/\" aria-label=\"En savoir plus sur Panneaux de signalisation de la zone 30\" tabindex=\"-1\" >\n\t\t\tLire la suite \u00bb\t\t<\/a>\n\n\t\t\t\t<\/div>\n\t\t\t\t<\/article>\n\t\t\t\t<article class=\"elementor-post elementor-grid-item post-56408 page type-page status-publish has-post-thumbnail hentry markt-steden-en-gemeenten markt-trafic markt-verkeer markt-villes-et-communes\" role=\"listitem\">\n\t\t\t\t<a class=\"elementor-post__thumbnail__link\" href=\"https:\/\/www.q-lite.com\/fr\/solutions\/trafic\/gestion-dynamique-du-trafic\/\" tabindex=\"-1\" >\n\t\t\t<div class=\"elementor-post__thumbnail\"><img loading=\"lazy\" decoding=\"async\" width=\"768\" height=\"512\" src=\"https:\/\/www.q-lite.com\/wp-content\/uploads\/2020\/06\/led-dynamisch-verkeersmanagement-drip-nijmegen-768x512.jpg\" class=\"attachment-medium_large size-medium_large wp-image-50768\" alt=\"\" srcset=\"https:\/\/www.q-lite.com\/wp-content\/uploads\/2020\/06\/led-dynamisch-verkeersmanagement-drip-nijmegen-768x512.jpg 768w, https:\/\/www.q-lite.com\/wp-content\/uploads\/2020\/06\/led-dynamisch-verkeersmanagement-drip-nijmegen-300x200.jpg 300w, https:\/\/www.q-lite.com\/wp-content\/uploads\/2020\/06\/led-dynamisch-verkeersmanagement-drip-nijmegen-1024x683.jpg 1024w, https:\/\/www.q-lite.com\/wp-content\/uploads\/2020\/06\/led-dynamisch-verkeersmanagement-drip-nijmegen-1536x1024.jpg 1536w, https:\/\/www.q-lite.com\/wp-content\/uploads\/2020\/06\/led-dynamisch-verkeersmanagement-drip-nijmegen.jpg 1920w\" sizes=\"(max-width: 768px) 100vw, 768px\" \/><\/div>\n\t\t<\/a>\n\t\t\t\t<div class=\"elementor-post__text\">\n\t\t\t\t<h3 class=\"elementor-post__title\">\n\t\t\t<a href=\"https:\/\/www.q-lite.com\/fr\/solutions\/trafic\/gestion-dynamique-du-trafic\/\" >\n\t\t\t\tGestion dynamique du trafic\t\t\t<\/a>\n\t\t<\/h3>\n\t\t\t\t<div class=\"elementor-post__excerpt\">\n\t\t\t<p>La signalisation num\u00e9rique assure une bonne fluidit\u00e9 du trafic.<\/p>\n\t\t<\/div>\n\t\t\n\t\t<a class=\"elementor-post__read-more\" href=\"https:\/\/www.q-lite.com\/fr\/solutions\/trafic\/gestion-dynamique-du-trafic\/\" aria-label=\"En savoir plus sur Gestion dynamique du trafic\" tabindex=\"-1\" >\n\t\t\tLire la suite \u00bb\t\t<\/a>\n\n\t\t\t\t<\/div>\n\t\t\t\t<\/article>\n\t\t\t\t<article class=\"elementor-post elementor-grid-item post-56410 page type-page status-publish has-post-thumbnail hentry markt-steden-en-gemeenten markt-trafic markt-verkeer markt-villes-et-communes\" role=\"listitem\">\n\t\t\t\t<a class=\"elementor-post__thumbnail__link\" href=\"https:\/\/www.q-lite.com\/fr\/solutions\/trafic\/gestion-de-parking\/\" tabindex=\"-1\" >\n\t\t\t<div class=\"elementor-post__thumbnail\"><img loading=\"lazy\" decoding=\"async\" width=\"768\" height=\"512\" src=\"https:\/\/www.q-lite.com\/wp-content\/uploads\/2026\/01\/parkeergeleiding-vgs-gent-3-768x512.jpg\" class=\"attachment-medium_large size-medium_large wp-image-77755\" alt=\"\" srcset=\"https:\/\/www.q-lite.com\/wp-content\/uploads\/2026\/01\/parkeergeleiding-vgs-gent-3-768x512.jpg 768w, https:\/\/www.q-lite.com\/wp-content\/uploads\/2026\/01\/parkeergeleiding-vgs-gent-3-512x341.jpg 512w, https:\/\/www.q-lite.com\/wp-content\/uploads\/2026\/01\/parkeergeleiding-vgs-gent-3-1024x683.jpg 1024w, https:\/\/www.q-lite.com\/wp-content\/uploads\/2026\/01\/parkeergeleiding-vgs-gent-3-1536x1024.jpg 1536w, https:\/\/www.q-lite.com\/wp-content\/uploads\/2026\/01\/parkeergeleiding-vgs-gent-3.jpg 1600w\" sizes=\"(max-width: 768px) 100vw, 768px\" \/><\/div>\n\t\t<\/a>\n\t\t\t\t<div class=\"elementor-post__text\">\n\t\t\t\t<h3 class=\"elementor-post__title\">\n\t\t\t<a href=\"https:\/\/www.q-lite.com\/fr\/solutions\/trafic\/gestion-de-parking\/\" >\n\t\t\t\tGestion de parking\t\t\t<\/a>\n\t\t<\/h3>\n\t\t\t\t<div class=\"elementor-post__excerpt\">\n\t\t\t<p>Guider efficacement et activement les usagers de la route vers les parkings et les emplacements de stationnement souhait\u00e9s.<\/p>\n\t\t<\/div>\n\t\t\n\t\t<a class=\"elementor-post__read-more\" href=\"https:\/\/www.q-lite.com\/fr\/solutions\/trafic\/gestion-de-parking\/\" aria-label=\"En savoir plus sur Gestion de parking\" tabindex=\"-1\" >\n\t\t\tLire la suite \u00bb\t\t<\/a>\n\n\t\t\t\t<\/div>\n\t\t\t\t<\/article>\n\t\t\t\t<article class=\"elementor-post elementor-grid-item post-57142 page type-page status-publish has-post-thumbnail hentry markt-trafic markt-verkeer markt-villes-et-communes\" role=\"listitem\">\n\t\t\t\t<a class=\"elementor-post__thumbnail__link\" href=\"https:\/\/www.q-lite.com\/fr\/solutions\/trafic\/systeme-dinformation-pour-les-cyclistes\/\" tabindex=\"-1\" >\n\t\t\t<div class=\"elementor-post__thumbnail\"><img loading=\"lazy\" decoding=\"async\" width=\"768\" height=\"512\" src=\"https:\/\/www.q-lite.com\/wp-content\/uploads\/2022\/02\/QLI_ANT_Fietsteldisplay_Lowres_1-768x512.jpg\" class=\"attachment-medium_large size-medium_large wp-image-51934\" alt=\"\" srcset=\"https:\/\/www.q-lite.com\/wp-content\/uploads\/2022\/02\/QLI_ANT_Fietsteldisplay_Lowres_1-768x512.jpg 768w, https:\/\/www.q-lite.com\/wp-content\/uploads\/2022\/02\/QLI_ANT_Fietsteldisplay_Lowres_1-300x200.jpg 300w, https:\/\/www.q-lite.com\/wp-content\/uploads\/2022\/02\/QLI_ANT_Fietsteldisplay_Lowres_1-1024x683.jpg 1024w, https:\/\/www.q-lite.com\/wp-content\/uploads\/2022\/02\/QLI_ANT_Fietsteldisplay_Lowres_1-1536x1024.jpg 1536w, https:\/\/www.q-lite.com\/wp-content\/uploads\/2022\/02\/QLI_ANT_Fietsteldisplay_Lowres_1.jpg 1920w\" sizes=\"(max-width: 768px) 100vw, 768px\" \/><\/div>\n\t\t<\/a>\n\t\t\t\t<div class=\"elementor-post__text\">\n\t\t\t\t<h3 class=\"elementor-post__title\">\n\t\t\t<a href=\"https:\/\/www.q-lite.com\/fr\/solutions\/trafic\/systeme-dinformation-pour-les-cyclistes\/\" >\n\t\t\t\tSyst\u00e8me d&rsquo;information pour les cyclistes\t\t\t<\/a>\n\t\t<\/h3>\n\t\t\t\t<div class=\"elementor-post__excerpt\">\n\t\t\t<p>Informations actualis\u00e9es sur les itin\u00e9raires permettant aux cyclistes d&rsquo;arriver plus rapidement \u00e0 destination<\/p>\n\t\t<\/div>\n\t\t\n\t\t<a class=\"elementor-post__read-more\" href=\"https:\/\/www.q-lite.com\/fr\/solutions\/trafic\/systeme-dinformation-pour-les-cyclistes\/\" aria-label=\"En savoir plus sur Syst\u00e8me d&rsquo;information pour les cyclistes\" tabindex=\"-1\" >\n\t\t\tLire la suite \u00bb\t\t<\/a>\n\n\t\t\t\t<\/div>\n\t\t\t\t<\/article>\n\t\t\t\t<\/div>\n\t\t\n\t\t\t\t\t\t<\/div>\n\t\t\t\t<\/div>\n\t\t\t\t\t<\/div>\n\t\t<\/div>\n\t\t\t\t\t<\/div>\n\t\t<\/section>\n\t\t\t\t<\/div>\n\t\t","protected":false},"excerpt":{"rendered":"<p>Stationnement et signalisation routi\u00e8re pour une accessibilit\u00e9 optimale.<\/p>\n","protected":false},"author":1,"featured_media":49350,"parent":52468,"menu_order":13,"comment_status":"closed","ping_status":"closed","template":"","meta":{"_acf_changed":false,"footnotes":""},"markt":[],"class_list":["post-54071","page","type-page","status-publish","has-post-thumbnail","hentry"],"acf":[],"yoast_head":"<!-- This site is optimized with the Yoast SEO plugin v27.1.1 - https:\/\/yoast.com\/product\/yoast-seo-wordpress\/ -->\n<title>Trafic | Q-lite<\/title>\n<meta name=\"robots\" content=\"index, follow, max-snippet:-1, max-image-preview:large, max-video-preview:-1\" \/>\n<link rel=\"canonical\" href=\"https:\/\/www.q-lite.com\/fr\/solutions\/trafic\/\" \/>\n<meta property=\"og:locale\" content=\"fr_FR\" \/>\n<meta property=\"og:type\" content=\"article\" \/>\n<meta property=\"og:title\" content=\"Trafic | Q-lite\" \/>\n<meta property=\"og:description\" content=\"Stationnement et signalisation routi\u00e8re pour une accessibilit\u00e9 optimale.\" \/>\n<meta property=\"og:url\" content=\"https:\/\/www.q-lite.com\/fr\/solutions\/trafic\/\" \/>\n<meta property=\"og:site_name\" content=\"Q-lite\" \/>\n<meta property=\"article:publisher\" content=\"https:\/\/www.facebook.com\/qlite.led\/\" \/>\n<meta property=\"article:modified_time\" content=\"2023-01-05T15:44:23+00:00\" \/>\n<meta property=\"og:image\" content=\"https:\/\/www.q-lite.com\/wp-content\/uploads\/2017\/04\/Parkeergeleidingsysteem-Tongeren.jpg\" \/>\n\t<meta property=\"og:image:width\" content=\"1920\" \/>\n\t<meta property=\"og:image:height\" content=\"1280\" \/>\n\t<meta property=\"og:image:type\" content=\"image\/jpeg\" \/>\n<meta name=\"twitter:card\" content=\"summary_large_image\" \/>\n<script type=\"application\/ld+json\" class=\"yoast-schema-graph\">{\"@context\":\"https:\/\/schema.org\",\"@graph\":[{\"@type\":\"WebPage\",\"@id\":\"https:\/\/www.q-lite.com\/fr\/solutions\/trafic\/\",\"url\":\"https:\/\/www.q-lite.com\/fr\/solutions\/trafic\/\",\"name\":\"Trafic | Q-lite\",\"isPartOf\":{\"@id\":\"https:\/\/www.q-lite.com\/fr\/#website\"},\"primaryImageOfPage\":{\"@id\":\"https:\/\/www.q-lite.com\/fr\/solutions\/trafic\/#primaryimage\"},\"image\":{\"@id\":\"https:\/\/www.q-lite.com\/fr\/solutions\/trafic\/#primaryimage\"},\"thumbnailUrl\":\"https:\/\/www.q-lite.com\/wp-content\/uploads\/2017\/04\/Parkeergeleidingsysteem-Tongeren.jpg\",\"datePublished\":\"2022-08-15T13:35:40+00:00\",\"dateModified\":\"2023-01-05T15:44:23+00:00\",\"breadcrumb\":{\"@id\":\"https:\/\/www.q-lite.com\/fr\/solutions\/trafic\/#breadcrumb\"},\"inLanguage\":\"fr-FR\",\"potentialAction\":[{\"@type\":\"ReadAction\",\"target\":[\"https:\/\/www.q-lite.com\/fr\/solutions\/trafic\/\"]}]},{\"@type\":\"ImageObject\",\"inLanguage\":\"fr-FR\",\"@id\":\"https:\/\/www.q-lite.com\/fr\/solutions\/trafic\/#primaryimage\",\"url\":\"https:\/\/www.q-lite.com\/wp-content\/uploads\/2017\/04\/Parkeergeleidingsysteem-Tongeren.jpg\",\"contentUrl\":\"https:\/\/www.q-lite.com\/wp-content\/uploads\/2017\/04\/Parkeergeleidingsysteem-Tongeren.jpg\",\"width\":1920,\"height\":1280},{\"@type\":\"BreadcrumbList\",\"@id\":\"https:\/\/www.q-lite.com\/fr\/solutions\/trafic\/#breadcrumb\",\"itemListElement\":[{\"@type\":\"ListItem\",\"position\":1,\"name\":\"Home\",\"item\":\"https:\/\/www.q-lite.com\/fr\/\"},{\"@type\":\"ListItem\",\"position\":2,\"name\":\"Solutions\",\"item\":\"https:\/\/www.q-lite.com\/fr\/solutions\/\"},{\"@type\":\"ListItem\",\"position\":3,\"name\":\"Trafic\"}]},{\"@type\":\"WebSite\",\"@id\":\"https:\/\/www.q-lite.com\/fr\/#website\",\"url\":\"https:\/\/www.q-lite.com\/fr\/\",\"name\":\"Q-lite\",\"description\":\"The Smartest Kind of Attention\",\"publisher\":{\"@id\":\"https:\/\/www.q-lite.com\/fr\/#organization\"},\"potentialAction\":[{\"@type\":\"SearchAction\",\"target\":{\"@type\":\"EntryPoint\",\"urlTemplate\":\"https:\/\/www.q-lite.com\/fr\/?s={search_term_string}\"},\"query-input\":{\"@type\":\"PropertyValueSpecification\",\"valueRequired\":true,\"valueName\":\"search_term_string\"}}],\"inLanguage\":\"fr-FR\"},{\"@type\":\"Organization\",\"@id\":\"https:\/\/www.q-lite.com\/fr\/#organization\",\"name\":\"Q-lite\",\"url\":\"https:\/\/www.q-lite.com\/fr\/\",\"logo\":{\"@type\":\"ImageObject\",\"inLanguage\":\"fr-FR\",\"@id\":\"https:\/\/www.q-lite.com\/fr\/#\/schema\/logo\/image\/\",\"url\":\"https:\/\/www.q-lite.com\/wp-content\/uploads\/2020\/11\/Q-LITE-LOGO-RGB-background-gradient-baseline.png\",\"contentUrl\":\"https:\/\/www.q-lite.com\/wp-content\/uploads\/2020\/11\/Q-LITE-LOGO-RGB-background-gradient-baseline.png\",\"width\":1200,\"height\":900,\"caption\":\"Q-lite\"},\"image\":{\"@id\":\"https:\/\/www.q-lite.com\/fr\/#\/schema\/logo\/image\/\"},\"sameAs\":[\"https:\/\/www.facebook.com\/qlite.led\/\",\"https:\/\/www.instagram.com\/qlite.led\/\",\"https:\/\/www.linkedin.com\/company\/q-lite\/\",\"https:\/\/www.youtube.com\/@q-lite\"]}]}<\/script>\n<!-- \/ Yoast SEO plugin. -->","yoast_head_json":{"title":"Trafic | Q-lite","robots":{"index":"index","follow":"follow","max-snippet":"max-snippet:-1","max-image-preview":"max-image-preview:large","max-video-preview":"max-video-preview:-1"},"canonical":"https:\/\/www.q-lite.com\/fr\/solutions\/trafic\/","og_locale":"fr_FR","og_type":"article","og_title":"Trafic | Q-lite","og_description":"Stationnement et signalisation routi\u00e8re pour une accessibilit\u00e9 optimale.","og_url":"https:\/\/www.q-lite.com\/fr\/solutions\/trafic\/","og_site_name":"Q-lite","article_publisher":"https:\/\/www.facebook.com\/qlite.led\/","article_modified_time":"2023-01-05T15:44:23+00:00","og_image":[{"width":1920,"height":1280,"url":"https:\/\/www.q-lite.com\/wp-content\/uploads\/2017\/04\/Parkeergeleidingsysteem-Tongeren.jpg","type":"image\/jpeg"}],"twitter_card":"summary_large_image","schema":{"@context":"https:\/\/schema.org","@graph":[{"@type":"WebPage","@id":"https:\/\/www.q-lite.com\/fr\/solutions\/trafic\/","url":"https:\/\/www.q-lite.com\/fr\/solutions\/trafic\/","name":"Trafic | Q-lite","isPartOf":{"@id":"https:\/\/www.q-lite.com\/fr\/#website"},"primaryImageOfPage":{"@id":"https:\/\/www.q-lite.com\/fr\/solutions\/trafic\/#primaryimage"},"image":{"@id":"https:\/\/www.q-lite.com\/fr\/solutions\/trafic\/#primaryimage"},"thumbnailUrl":"https:\/\/www.q-lite.com\/wp-content\/uploads\/2017\/04\/Parkeergeleidingsysteem-Tongeren.jpg","datePublished":"2022-08-15T13:35:40+00:00","dateModified":"2023-01-05T15:44:23+00:00","breadcrumb":{"@id":"https:\/\/www.q-lite.com\/fr\/solutions\/trafic\/#breadcrumb"},"inLanguage":"fr-FR","potentialAction":[{"@type":"ReadAction","target":["https:\/\/www.q-lite.com\/fr\/solutions\/trafic\/"]}]},{"@type":"ImageObject","inLanguage":"fr-FR","@id":"https:\/\/www.q-lite.com\/fr\/solutions\/trafic\/#primaryimage","url":"https:\/\/www.q-lite.com\/wp-content\/uploads\/2017\/04\/Parkeergeleidingsysteem-Tongeren.jpg","contentUrl":"https:\/\/www.q-lite.com\/wp-content\/uploads\/2017\/04\/Parkeergeleidingsysteem-Tongeren.jpg","width":1920,"height":1280},{"@type":"BreadcrumbList","@id":"https:\/\/www.q-lite.com\/fr\/solutions\/trafic\/#breadcrumb","itemListElement":[{"@type":"ListItem","position":1,"name":"Home","item":"https:\/\/www.q-lite.com\/fr\/"},{"@type":"ListItem","position":2,"name":"Solutions","item":"https:\/\/www.q-lite.com\/fr\/solutions\/"},{"@type":"ListItem","position":3,"name":"Trafic"}]},{"@type":"WebSite","@id":"https:\/\/www.q-lite.com\/fr\/#website","url":"https:\/\/www.q-lite.com\/fr\/","name":"Q-lite","description":"The Smartest Kind of Attention","publisher":{"@id":"https:\/\/www.q-lite.com\/fr\/#organization"},"potentialAction":[{"@type":"SearchAction","target":{"@type":"EntryPoint","urlTemplate":"https:\/\/www.q-lite.com\/fr\/?s={search_term_string}"},"query-input":{"@type":"PropertyValueSpecification","valueRequired":true,"valueName":"search_term_string"}}],"inLanguage":"fr-FR"},{"@type":"Organization","@id":"https:\/\/www.q-lite.com\/fr\/#organization","name":"Q-lite","url":"https:\/\/www.q-lite.com\/fr\/","logo":{"@type":"ImageObject","inLanguage":"fr-FR","@id":"https:\/\/www.q-lite.com\/fr\/#\/schema\/logo\/image\/","url":"https:\/\/www.q-lite.com\/wp-content\/uploads\/2020\/11\/Q-LITE-LOGO-RGB-background-gradient-baseline.png","contentUrl":"https:\/\/www.q-lite.com\/wp-content\/uploads\/2020\/11\/Q-LITE-LOGO-RGB-background-gradient-baseline.png","width":1200,"height":900,"caption":"Q-lite"},"image":{"@id":"https:\/\/www.q-lite.com\/fr\/#\/schema\/logo\/image\/"},"sameAs":["https:\/\/www.facebook.com\/qlite.led\/","https:\/\/www.instagram.com\/qlite.led\/","https:\/\/www.linkedin.com\/company\/q-lite\/","https:\/\/www.youtube.com\/@q-lite"]}]}},"_links":{"self":[{"href":"https:\/\/www.q-lite.com\/fr\/wp-json\/wp\/v2\/pages\/54071","targetHints":{"allow":["GET"]}}],"collection":[{"href":"https:\/\/www.q-lite.com\/fr\/wp-json\/wp\/v2\/pages"}],"about":[{"href":"https:\/\/www.q-lite.com\/fr\/wp-json\/wp\/v2\/types\/page"}],"author":[{"embeddable":true,"href":"https:\/\/www.q-lite.com\/fr\/wp-json\/wp\/v2\/users\/1"}],"replies":[{"embeddable":true,"href":"https:\/\/www.q-lite.com\/fr\/wp-json\/wp\/v2\/comments?post=54071"}],"version-history":[{"count":0,"href":"https:\/\/www.q-lite.com\/fr\/wp-json\/wp\/v2\/pages\/54071\/revisions"}],"up":[{"embeddable":true,"href":"https:\/\/www.q-lite.com\/fr\/wp-json\/wp\/v2\/pages\/52468"}],"wp:featuredmedia":[{"embeddable":true,"href":"https:\/\/www.q-lite.com\/fr\/wp-json\/wp\/v2\/media\/49350"}],"wp:attachment":[{"href":"https:\/\/www.q-lite.com\/fr\/wp-json\/wp\/v2\/media?parent=54071"}],"wp:term":[{"taxonomy":"markt","embeddable":true,"href":"https:\/\/www.q-lite.com\/fr\/wp-json\/wp\/v2\/markt?post=54071"}],"curies":[{"name":"wp","href":"https:\/\/api.w.org\/{rel}","templated":true}]}}