{"id":57096,"date":"2022-08-29T11:20:54","date_gmt":"2022-08-29T09:20:54","guid":{"rendered":"https:\/\/www.q-lite.com\/services\/logiciel\/"},"modified":"2023-03-28T08:20:13","modified_gmt":"2023-03-28T08:20:13","slug":"logiciel","status":"publish","type":"page","link":"https:\/\/www.q-lite.com\/fr\/services\/logiciel\/","title":{"rendered":"Logiciel"},"content":{"rendered":"\t\t<div data-elementor-type=\"wp-page\" data-elementor-id=\"57096\" class=\"elementor elementor-57096 elementor-43077\" data-elementor-post-type=\"page\">\n\t\t\t\t\t\t<section class=\"elementor-section elementor-top-section elementor-element elementor-element-f3def81 elementor-section-boxed elementor-section-height-default elementor-section-height-default\" data-id=\"f3def81\" data-element_type=\"section\" data-e-type=\"section\">\n\t\t\t\t\t\t<div class=\"elementor-container elementor-column-gap-default\">\n\t\t\t\t\t<div class=\"elementor-column elementor-col-100 elementor-top-column elementor-element elementor-element-2239b59\" data-id=\"2239b59\" data-element_type=\"column\" data-e-type=\"column\">\n\t\t\t<div class=\"elementor-widget-wrap elementor-element-populated\">\n\t\t\t\t\t\t<div class=\"elementor-element elementor-element-4c30520 elementor-widget elementor-widget-heading\" data-id=\"4c30520\" data-element_type=\"widget\" data-e-type=\"widget\" data-widget_type=\"heading.default\">\n\t\t\t\t<div class=\"elementor-widget-container\">\n\t\t\t\t\t<h1 class=\"elementor-heading-title elementor-size-default\">Logiciel<\/h1>\t\t\t\t<\/div>\n\t\t\t\t<\/div>\n\t\t\t\t<div class=\"elementor-element elementor-element-8bc50fc elementor-widget elementor-widget-text-editor\" data-id=\"8bc50fc\" data-element_type=\"widget\" data-e-type=\"widget\" data-widget_type=\"text-editor.default\">\n\t\t\t\t<div class=\"elementor-widget-container\">\n\t\t\t\t\t\t\t\t\t<p>Les \u00e9crans peuvent \u00eatre contr\u00f4l\u00e9s via un r\u00e9seau ou via le web. Nous pouvons fournir des <strong>logiciels sur mesure<\/strong> pour chaque application sp\u00e9cifique, tels que des <a href=\"https:\/\/www.q-lite.com\/nl\/oplossingen\/veiligheidsdisplays\/\">logiciels de s\u00e9curit\u00e9<\/a>, des logiciels pour <a href=\"https:\/\/www.q-lite.com\/nl\/diensten\/software\/viewall-scorebordsoftware\/\">tableaux d&rsquo;affichage<\/a> et des logiciels pour <a href=\"https:\/\/www.q-lite.com\/fr\/solutions\/journaux-lumineux\/\">\u00e9crans lumineux<\/a>. .<\/p>\n\t\t\t\t\t\t\t\t<\/div>\n\t\t\t\t<\/div>\n\t\t\t\t<div class=\"elementor-element elementor-element-c4330b1 elementor-grid-3 elementor-grid-tablet-2 elementor-grid-mobile-1 elementor-posts--thumbnail-top elementor-widget elementor-widget-posts\" data-id=\"c4330b1\" data-element_type=\"widget\" data-e-type=\"widget\" data-settings=\"{&quot;classic_columns&quot;:&quot;3&quot;,&quot;classic_columns_tablet&quot;:&quot;2&quot;,&quot;classic_columns_mobile&quot;:&quot;1&quot;,&quot;classic_row_gap&quot;:{&quot;unit&quot;:&quot;px&quot;,&quot;size&quot;:35,&quot;sizes&quot;:[]},&quot;classic_row_gap_tablet&quot;:{&quot;unit&quot;:&quot;px&quot;,&quot;size&quot;:&quot;&quot;,&quot;sizes&quot;:[]},&quot;classic_row_gap_mobile&quot;:{&quot;unit&quot;:&quot;px&quot;,&quot;size&quot;:&quot;&quot;,&quot;sizes&quot;:[]}}\" data-widget_type=\"posts.classic\">\n\t\t\t\t<div class=\"elementor-widget-container\">\n\t\t\t\t\t\t\t<div class=\"elementor-posts-container elementor-posts elementor-posts--skin-classic elementor-grid\" role=\"list\">\n\t\t\t\t<article class=\"elementor-post elementor-grid-item post-57137 page type-page status-publish has-post-thumbnail hentry\" role=\"listitem\">\n\t\t\t\t<a class=\"elementor-post__thumbnail__link\" href=\"https:\/\/www.q-lite.com\/fr\/services\/logiciel\/raaak\/\" tabindex=\"-1\" >\n\t\t\t<div class=\"elementor-post__thumbnail\"><img fetchpriority=\"high\" decoding=\"async\" width=\"800\" height=\"500\" src=\"https:\/\/www.q-lite.com\/wp-content\/uploads\/2020\/06\/71270823_3263336877030116_1248022483387268601_o-1024x640.jpg\" class=\"attachment-large size-large wp-image-50896\" alt=\"RAAAK gebruiker\" srcset=\"https:\/\/www.q-lite.com\/wp-content\/uploads\/2020\/06\/71270823_3263336877030116_1248022483387268601_o-1024x640.jpg 1024w, https:\/\/www.q-lite.com\/wp-content\/uploads\/2020\/06\/71270823_3263336877030116_1248022483387268601_o-300x188.jpg 300w, https:\/\/www.q-lite.com\/wp-content\/uploads\/2020\/06\/71270823_3263336877030116_1248022483387268601_o-768x480.jpg 768w, https:\/\/www.q-lite.com\/wp-content\/uploads\/2020\/06\/71270823_3263336877030116_1248022483387268601_o-1536x960.jpg 1536w, https:\/\/www.q-lite.com\/wp-content\/uploads\/2020\/06\/71270823_3263336877030116_1248022483387268601_o.jpg 1600w\" sizes=\"(max-width: 800px) 100vw, 800px\" \/><\/div>\n\t\t<\/a>\n\t\t\t\t<div class=\"elementor-post__text\">\n\t\t\t\t<h3 class=\"elementor-post__title\">\n\t\t\t<a href=\"https:\/\/www.q-lite.com\/fr\/services\/logiciel\/raaak\/\" >\n\t\t\t\tRAAAK\t\t\t<\/a>\n\t\t<\/h3>\n\t\t\t\t<div class=\"elementor-post__excerpt\">\n\t\t\t<p>Logiciel pour le contr\u00f4le, la surveillance et la maintenance de vos syst\u00e8mes num\u00e9riques.<\/p>\n\t\t<\/div>\n\t\t\n\t\t<a class=\"elementor-post__read-more\" href=\"https:\/\/www.q-lite.com\/fr\/services\/logiciel\/raaak\/\" aria-label=\"En savoir plus sur RAAAK\" tabindex=\"-1\" >\n\t\t\tLire la suite \u00bb\t\t<\/a>\n\n\t\t\t\t<\/div>\n\t\t\t\t<\/article>\n\t\t\t\t<article class=\"elementor-post elementor-grid-item post-57126 page type-page status-publish has-post-thumbnail hentry\" role=\"listitem\">\n\t\t\t\t<a class=\"elementor-post__thumbnail__link\" href=\"https:\/\/www.q-lite.com\/fr\/services\/logiciel\/systeme-de-gestion-du-contenu\/\" tabindex=\"-1\" >\n\t\t\t<div class=\"elementor-post__thumbnail\"><img decoding=\"async\" width=\"800\" height=\"318\" src=\"https:\/\/www.q-lite.com\/wp-content\/uploads\/2023\/11\/qcms-visual-map-1024x407.jpg\" class=\"attachment-large size-large wp-image-64333\" alt=\"qcms visual map\" srcset=\"https:\/\/www.q-lite.com\/wp-content\/uploads\/2023\/11\/qcms-visual-map-1024x407.jpg 1024w, https:\/\/www.q-lite.com\/wp-content\/uploads\/2023\/11\/qcms-visual-map-512x203.jpg 512w, https:\/\/www.q-lite.com\/wp-content\/uploads\/2023\/11\/qcms-visual-map-768x305.jpg 768w, https:\/\/www.q-lite.com\/wp-content\/uploads\/2023\/11\/qcms-visual-map-1536x610.jpg 1536w, https:\/\/www.q-lite.com\/wp-content\/uploads\/2023\/11\/qcms-visual-map-2048x814.jpg 2048w\" sizes=\"(max-width: 800px) 100vw, 800px\" \/><\/div>\n\t\t<\/a>\n\t\t\t\t<div class=\"elementor-post__text\">\n\t\t\t\t<h3 class=\"elementor-post__title\">\n\t\t\t<a href=\"https:\/\/www.q-lite.com\/fr\/services\/logiciel\/systeme-de-gestion-du-contenu\/\" >\n\t\t\t\tSyst\u00e8me de gestion du contenu\t\t\t<\/a>\n\t\t<\/h3>\n\t\t\t\t<div class=\"elementor-post__excerpt\">\n\t\t\t<p>Logiciel simple pour contr\u00f4ler les \u00e9crans publicitaires num\u00e9riques.<\/p>\n\t\t<\/div>\n\t\t\n\t\t<a class=\"elementor-post__read-more\" href=\"https:\/\/www.q-lite.com\/fr\/services\/logiciel\/systeme-de-gestion-du-contenu\/\" aria-label=\"En savoir plus sur Syst\u00e8me de gestion du contenu\" tabindex=\"-1\" >\n\t\t\tLire la suite \u00bb\t\t<\/a>\n\n\t\t\t\t<\/div>\n\t\t\t\t<\/article>\n\t\t\t\t<article class=\"elementor-post elementor-grid-item post-57167 page type-page status-publish has-post-thumbnail hentry\" role=\"listitem\">\n\t\t\t\t<a class=\"elementor-post__thumbnail__link\" href=\"https:\/\/www.q-lite.com\/fr\/services\/logiciel\/viewall\/\" tabindex=\"-1\" >\n\t\t\t<div class=\"elementor-post__thumbnail\"><img decoding=\"async\" width=\"800\" height=\"291\" src=\"https:\/\/www.q-lite.com\/wp-content\/uploads\/2020\/03\/software-scorebord-viewall-display-1024x373.jpg\" class=\"attachment-large size-large wp-image-50364\" alt=\"\" srcset=\"https:\/\/www.q-lite.com\/wp-content\/uploads\/2020\/03\/software-scorebord-viewall-display-1024x373.jpg 1024w, https:\/\/www.q-lite.com\/wp-content\/uploads\/2020\/03\/software-scorebord-viewall-display-300x109.jpg 300w, https:\/\/www.q-lite.com\/wp-content\/uploads\/2020\/03\/software-scorebord-viewall-display-768x280.jpg 768w, https:\/\/www.q-lite.com\/wp-content\/uploads\/2020\/03\/software-scorebord-viewall-display-1536x560.jpg 1536w, https:\/\/www.q-lite.com\/wp-content\/uploads\/2020\/03\/software-scorebord-viewall-display.jpg 1920w\" sizes=\"(max-width: 800px) 100vw, 800px\" \/><\/div>\n\t\t<\/a>\n\t\t\t\t<div class=\"elementor-post__text\">\n\t\t\t\t<h3 class=\"elementor-post__title\">\n\t\t\t<a href=\"https:\/\/www.q-lite.com\/fr\/services\/logiciel\/viewall\/\" >\n\t\t\t\tViewAll\t\t\t<\/a>\n\t\t<\/h3>\n\t\t\t\t<div class=\"elementor-post__excerpt\">\n\t\t\t<p>Vous cherchez un syst\u00e8me unique pour contr\u00f4ler tous vos tableaux d&rsquo;affichage ?<\/p>\n\t\t<\/div>\n\t\t\n\t\t<a class=\"elementor-post__read-more\" href=\"https:\/\/www.q-lite.com\/fr\/services\/logiciel\/viewall\/\" aria-label=\"En savoir plus sur ViewAll\" tabindex=\"-1\" >\n\t\t\tLire la suite \u00bb\t\t<\/a>\n\n\t\t\t\t<\/div>\n\t\t\t\t<\/article>\n\t\t\t\t<article class=\"elementor-post elementor-grid-item post-57133 page type-page status-publish has-post-thumbnail hentry\" role=\"listitem\">\n\t\t\t\t<a class=\"elementor-post__thumbnail__link\" href=\"https:\/\/www.q-lite.com\/fr\/services\/logiciel\/q-cloud\/\" tabindex=\"-1\" >\n\t\t\t<div class=\"elementor-post__thumbnail\"><img loading=\"lazy\" decoding=\"async\" width=\"800\" height=\"300\" src=\"https:\/\/www.q-lite.com\/wp-content\/uploads\/2021\/03\/header-bg-touchdisplayhand-1024x384.jpg\" class=\"attachment-large size-large wp-image-51360\" alt=\"touchdisplay\" srcset=\"https:\/\/www.q-lite.com\/wp-content\/uploads\/2021\/03\/header-bg-touchdisplayhand-1024x384.jpg 1024w, https:\/\/www.q-lite.com\/wp-content\/uploads\/2021\/03\/header-bg-touchdisplayhand-300x113.jpg 300w, https:\/\/www.q-lite.com\/wp-content\/uploads\/2021\/03\/header-bg-touchdisplayhand-768x288.jpg 768w, https:\/\/www.q-lite.com\/wp-content\/uploads\/2021\/03\/header-bg-touchdisplayhand-1536x576.jpg 1536w, https:\/\/www.q-lite.com\/wp-content\/uploads\/2021\/03\/header-bg-touchdisplayhand-2048x768.jpg 2048w\" sizes=\"(max-width: 800px) 100vw, 800px\" \/><\/div>\n\t\t<\/a>\n\t\t\t\t<div class=\"elementor-post__text\">\n\t\t\t\t<h3 class=\"elementor-post__title\">\n\t\t\t<a href=\"https:\/\/www.q-lite.com\/fr\/services\/logiciel\/q-cloud\/\" >\n\t\t\t\tQ-Cloud\t\t\t<\/a>\n\t\t<\/h3>\n\t\t\t\t<div class=\"elementor-post__excerpt\">\n\t\t\t<p>Le logiciel d\u00e9velopp\u00e9 par Q-lite pour les \u00e9crans LED.<\/p>\n\t\t<\/div>\n\t\t\n\t\t<a class=\"elementor-post__read-more\" href=\"https:\/\/www.q-lite.com\/fr\/services\/logiciel\/q-cloud\/\" aria-label=\"En savoir plus sur Q-Cloud\" tabindex=\"-1\" >\n\t\t\tLire la suite \u00bb\t\t<\/a>\n\n\t\t\t\t<\/div>\n\t\t\t\t<\/article>\n\t\t\t\t<\/div>\n\t\t\n\t\t\t\t\t\t<\/div>\n\t\t\t\t<\/div>\n\t\t\t\t\t<\/div>\n\t\t<\/div>\n\t\t\t\t\t<\/div>\n\t\t<\/section>\n\t\t\t\t<section class=\"elementor-section elementor-top-section elementor-element elementor-element-15fa74c block-primary dark elementor-section-boxed elementor-section-height-default elementor-section-height-default\" data-id=\"15fa74c\" data-element_type=\"section\" data-e-type=\"section\">\n\t\t\t\t\t\t<div class=\"elementor-container elementor-column-gap-default\">\n\t\t\t\t\t<div class=\"elementor-column elementor-col-100 elementor-top-column elementor-element elementor-element-85ee66a\" data-id=\"85ee66a\" data-element_type=\"column\" data-e-type=\"column\">\n\t\t\t<div class=\"elementor-widget-wrap elementor-element-populated\">\n\t\t\t\t\t\t<div class=\"elementor-element elementor-element-4e0fa11 elementor-widget elementor-widget-heading\" data-id=\"4e0fa11\" data-element_type=\"widget\" data-e-type=\"widget\" data-widget_type=\"heading.default\">\n\t\t\t\t<div class=\"elementor-widget-container\">\n\t\t\t\t\t<h2 class=\"elementor-heading-title elementor-size-default\">L'offre de formation<\/h2>\t\t\t\t<\/div>\n\t\t\t\t<\/div>\n\t\t\t\t<div class=\"elementor-element elementor-element-fce32e2 elementor-widget elementor-widget-text-editor\" data-id=\"fce32e2\" data-element_type=\"widget\" data-e-type=\"widget\" data-widget_type=\"text-editor.default\">\n\t\t\t\t<div class=\"elementor-widget-container\">\n\t\t\t\t\t\t\t\t\t<p>Lors de la livraison de votre syst\u00e8me d&rsquo;affichage, vous recevrez des instructions d\u00e9taill\u00e9es sur l&rsquo;utilisation du logiciel associ\u00e9. Vous trouverez \u00e9galement <a href=\"https:\/\/www.q-lite.com\/nl\/diensten\/richtlijnen-opmaak-grafische-led-displays\/\">des conseils<\/a> sur notre site web. Pourriez-vous avoir besoin d&rsquo;une aide suppl\u00e9mentaire en plus de ces conseils ? Si c&rsquo;est le cas, nous vous offrons la possibilit\u00e9 de suivre une formation approfondie et de vous familiariser avec les diff\u00e9rents logiciels propos\u00e9s par Q-lite.<\/p>\n\t\t\t\t\t\t\t\t<\/div>\n\t\t\t\t<\/div>\n\t\t\t\t<div class=\"elementor-element elementor-element-67ba69f elementor-align-left elementor-widget__width-auto elementor-widget elementor-widget-button\" data-id=\"67ba69f\" data-element_type=\"widget\" data-e-type=\"widget\" data-widget_type=\"button.default\">\n\t\t\t\t<div class=\"elementor-widget-container\">\n\t\t\t\t\t\t\t\t\t<div class=\"elementor-button-wrapper\">\n\t\t\t\t\t<a class=\"elementor-button elementor-button-link elementor-size-sm\" href=\"https:\/\/www.q-lite.com\/fr\/contact\/formation\/\">\n\t\t\t\t\t\t<span class=\"elementor-button-content-wrapper\">\n\t\t\t\t\t\t<span class=\"elementor-button-icon\">\n\t\t\t\t<i aria-hidden=\"true\" class=\"fas fa-arrow-right\"><\/i>\t\t\t<\/span>\n\t\t\t\t\t\t\t\t\t<span class=\"elementor-button-text\">L'offre de formation<\/span>\n\t\t\t\t\t<\/span>\n\t\t\t\t\t<\/a>\n\t\t\t\t<\/div>\n\t\t\t\t\t\t\t\t<\/div>\n\t\t\t\t<\/div>\n\t\t\t\t<div class=\"elementor-element elementor-element-f146a9c elementor-align-left elementor-widget__width-auto elementor-widget elementor-widget-button\" data-id=\"f146a9c\" data-element_type=\"widget\" data-e-type=\"widget\" data-widget_type=\"button.default\">\n\t\t\t\t<div class=\"elementor-widget-container\">\n\t\t\t\t\t\t\t\t\t<div class=\"elementor-button-wrapper\">\n\t\t\t\t\t<a class=\"elementor-button elementor-button-link elementor-size-sm\" href=\"\/nl\/diensten\/richtlijnen-opmaak-grafische-led-displays\/\">\n\t\t\t\t\t\t<span class=\"elementor-button-content-wrapper\">\n\t\t\t\t\t\t<span class=\"elementor-button-icon\">\n\t\t\t\t<i aria-hidden=\"true\" class=\"fas fa-arrow-right\"><\/i>\t\t\t<\/span>\n\t\t\t\t\t\t\t\t\t<span class=\"elementor-button-text\">Lignes directrices pour la mise en page<\/span>\n\t\t\t\t\t<\/span>\n\t\t\t\t\t<\/a>\n\t\t\t\t<\/div>\n\t\t\t\t\t\t\t\t<\/div>\n\t\t\t\t<\/div>\n\t\t\t\t\t<\/div>\n\t\t<\/div>\n\t\t\t\t\t<\/div>\n\t\t<\/section>\n\t\t\t\t<\/div>\n\t\t","protected":false},"excerpt":{"rendered":"<p>Contr\u00f4le des \u00e9crans num\u00e9riques<\/p>\n","protected":false},"author":3,"featured_media":51358,"parent":52493,"menu_order":13,"comment_status":"closed","ping_status":"closed","template":"","meta":{"_acf_changed":false,"footnotes":""},"markt":[],"class_list":["post-57096","page","type-page","status-publish","has-post-thumbnail","hentry"],"acf":[],"yoast_head":"<!-- This site is optimized with the Yoast SEO plugin v27.1.1 - https:\/\/yoast.com\/product\/yoast-seo-wordpress\/ -->\n<title>Logiciel pour des solutions d&#039;affichage digital | Q-lite<\/title>\n<meta name=\"description\" content=\"Contr\u00f4le des \u00e9crans num\u00e9riques | Logiciel pour \u00e9crans LED et LCD | Logiciel personnalis\u00e9 | Logiciel de signalisation num\u00e9rique\" \/>\n<meta name=\"robots\" content=\"index, follow, max-snippet:-1, max-image-preview:large, max-video-preview:-1\" \/>\n<link rel=\"canonical\" href=\"https:\/\/www.q-lite.com\/fr\/services\/logiciel\/\" \/>\n<meta property=\"og:locale\" content=\"fr_FR\" \/>\n<meta property=\"og:type\" content=\"article\" \/>\n<meta property=\"og:title\" content=\"Logiciel pour des solutions d&#039;affichage digital | Q-lite\" \/>\n<meta property=\"og:description\" content=\"Contr\u00f4le des \u00e9crans num\u00e9riques | Logiciel pour \u00e9crans LED et LCD | Logiciel personnalis\u00e9 | Logiciel de signalisation num\u00e9rique\" \/>\n<meta property=\"og:url\" content=\"https:\/\/www.q-lite.com\/fr\/services\/logiciel\/\" \/>\n<meta property=\"og:site_name\" content=\"Q-lite\" \/>\n<meta property=\"article:publisher\" content=\"https:\/\/www.facebook.com\/qlite.led\/\" \/>\n<meta property=\"article:modified_time\" content=\"2023-03-28T08:20:13+00:00\" \/>\n<meta property=\"og:image\" content=\"https:\/\/www.q-lite.com\/wp-content\/uploads\/2021\/02\/Eenvoudige-software-scaled-1.jpg\" \/>\n\t<meta property=\"og:image:width\" content=\"2560\" \/>\n\t<meta property=\"og:image:height\" content=\"1707\" \/>\n\t<meta property=\"og:image:type\" content=\"image\/jpeg\" \/>\n<meta name=\"twitter:card\" content=\"summary_large_image\" \/>\n<script type=\"application\/ld+json\" class=\"yoast-schema-graph\">{\"@context\":\"https:\/\/schema.org\",\"@graph\":[{\"@type\":\"WebPage\",\"@id\":\"https:\/\/www.q-lite.com\/fr\/services\/logiciel\/\",\"url\":\"https:\/\/www.q-lite.com\/fr\/services\/logiciel\/\",\"name\":\"Logiciel pour des solutions d'affichage digital | Q-lite\",\"isPartOf\":{\"@id\":\"https:\/\/www.q-lite.com\/fr\/#website\"},\"primaryImageOfPage\":{\"@id\":\"https:\/\/www.q-lite.com\/fr\/services\/logiciel\/#primaryimage\"},\"image\":{\"@id\":\"https:\/\/www.q-lite.com\/fr\/services\/logiciel\/#primaryimage\"},\"thumbnailUrl\":\"https:\/\/www.q-lite.com\/wp-content\/uploads\/2021\/02\/Eenvoudige-software-scaled-1.jpg\",\"datePublished\":\"2022-08-29T09:20:54+00:00\",\"dateModified\":\"2023-03-28T08:20:13+00:00\",\"description\":\"Contr\u00f4le des \u00e9crans num\u00e9riques | Logiciel pour \u00e9crans LED et LCD | Logiciel personnalis\u00e9 | Logiciel de signalisation num\u00e9rique\",\"breadcrumb\":{\"@id\":\"https:\/\/www.q-lite.com\/fr\/services\/logiciel\/#breadcrumb\"},\"inLanguage\":\"fr-FR\",\"potentialAction\":[{\"@type\":\"ReadAction\",\"target\":[\"https:\/\/www.q-lite.com\/fr\/services\/logiciel\/\"]}]},{\"@type\":\"ImageObject\",\"inLanguage\":\"fr-FR\",\"@id\":\"https:\/\/www.q-lite.com\/fr\/services\/logiciel\/#primaryimage\",\"url\":\"https:\/\/www.q-lite.com\/wp-content\/uploads\/2021\/02\/Eenvoudige-software-scaled-1.jpg\",\"contentUrl\":\"https:\/\/www.q-lite.com\/wp-content\/uploads\/2021\/02\/Eenvoudige-software-scaled-1.jpg\",\"width\":2560,\"height\":1707,\"caption\":\"portret van een vrouw met tablet\"},{\"@type\":\"BreadcrumbList\",\"@id\":\"https:\/\/www.q-lite.com\/fr\/services\/logiciel\/#breadcrumb\",\"itemListElement\":[{\"@type\":\"ListItem\",\"position\":1,\"name\":\"Home\",\"item\":\"https:\/\/www.q-lite.com\/fr\/\"},{\"@type\":\"ListItem\",\"position\":2,\"name\":\"Services\",\"item\":\"https:\/\/www.q-lite.com\/fr\/services\/\"},{\"@type\":\"ListItem\",\"position\":3,\"name\":\"Logiciel\"}]},{\"@type\":\"WebSite\",\"@id\":\"https:\/\/www.q-lite.com\/fr\/#website\",\"url\":\"https:\/\/www.q-lite.com\/fr\/\",\"name\":\"Q-lite\",\"description\":\"The Smartest Kind of Attention\",\"publisher\":{\"@id\":\"https:\/\/www.q-lite.com\/fr\/#organization\"},\"potentialAction\":[{\"@type\":\"SearchAction\",\"target\":{\"@type\":\"EntryPoint\",\"urlTemplate\":\"https:\/\/www.q-lite.com\/fr\/?s={search_term_string}\"},\"query-input\":{\"@type\":\"PropertyValueSpecification\",\"valueRequired\":true,\"valueName\":\"search_term_string\"}}],\"inLanguage\":\"fr-FR\"},{\"@type\":\"Organization\",\"@id\":\"https:\/\/www.q-lite.com\/fr\/#organization\",\"name\":\"Q-lite\",\"url\":\"https:\/\/www.q-lite.com\/fr\/\",\"logo\":{\"@type\":\"ImageObject\",\"inLanguage\":\"fr-FR\",\"@id\":\"https:\/\/www.q-lite.com\/fr\/#\/schema\/logo\/image\/\",\"url\":\"https:\/\/www.q-lite.com\/wp-content\/uploads\/2020\/11\/Q-LITE-LOGO-RGB-background-gradient-baseline.png\",\"contentUrl\":\"https:\/\/www.q-lite.com\/wp-content\/uploads\/2020\/11\/Q-LITE-LOGO-RGB-background-gradient-baseline.png\",\"width\":1200,\"height\":900,\"caption\":\"Q-lite\"},\"image\":{\"@id\":\"https:\/\/www.q-lite.com\/fr\/#\/schema\/logo\/image\/\"},\"sameAs\":[\"https:\/\/www.facebook.com\/qlite.led\/\",\"https:\/\/www.instagram.com\/qlite.led\/\",\"https:\/\/www.linkedin.com\/company\/q-lite\/\",\"https:\/\/www.youtube.com\/@q-lite\"]}]}<\/script>\n<!-- \/ Yoast SEO plugin. -->","yoast_head_json":{"title":"Logiciel pour des solutions d'affichage digital | Q-lite","description":"Contr\u00f4le des \u00e9crans num\u00e9riques | Logiciel pour \u00e9crans LED et LCD | Logiciel personnalis\u00e9 | Logiciel de signalisation num\u00e9rique","robots":{"index":"index","follow":"follow","max-snippet":"max-snippet:-1","max-image-preview":"max-image-preview:large","max-video-preview":"max-video-preview:-1"},"canonical":"https:\/\/www.q-lite.com\/fr\/services\/logiciel\/","og_locale":"fr_FR","og_type":"article","og_title":"Logiciel pour des solutions d'affichage digital | Q-lite","og_description":"Contr\u00f4le des \u00e9crans num\u00e9riques | Logiciel pour \u00e9crans LED et LCD | Logiciel personnalis\u00e9 | Logiciel de signalisation num\u00e9rique","og_url":"https:\/\/www.q-lite.com\/fr\/services\/logiciel\/","og_site_name":"Q-lite","article_publisher":"https:\/\/www.facebook.com\/qlite.led\/","article_modified_time":"2023-03-28T08:20:13+00:00","og_image":[{"width":2560,"height":1707,"url":"https:\/\/www.q-lite.com\/wp-content\/uploads\/2021\/02\/Eenvoudige-software-scaled-1.jpg","type":"image\/jpeg"}],"twitter_card":"summary_large_image","schema":{"@context":"https:\/\/schema.org","@graph":[{"@type":"WebPage","@id":"https:\/\/www.q-lite.com\/fr\/services\/logiciel\/","url":"https:\/\/www.q-lite.com\/fr\/services\/logiciel\/","name":"Logiciel pour des solutions d'affichage digital | Q-lite","isPartOf":{"@id":"https:\/\/www.q-lite.com\/fr\/#website"},"primaryImageOfPage":{"@id":"https:\/\/www.q-lite.com\/fr\/services\/logiciel\/#primaryimage"},"image":{"@id":"https:\/\/www.q-lite.com\/fr\/services\/logiciel\/#primaryimage"},"thumbnailUrl":"https:\/\/www.q-lite.com\/wp-content\/uploads\/2021\/02\/Eenvoudige-software-scaled-1.jpg","datePublished":"2022-08-29T09:20:54+00:00","dateModified":"2023-03-28T08:20:13+00:00","description":"Contr\u00f4le des \u00e9crans num\u00e9riques | Logiciel pour \u00e9crans LED et LCD | Logiciel personnalis\u00e9 | Logiciel de signalisation num\u00e9rique","breadcrumb":{"@id":"https:\/\/www.q-lite.com\/fr\/services\/logiciel\/#breadcrumb"},"inLanguage":"fr-FR","potentialAction":[{"@type":"ReadAction","target":["https:\/\/www.q-lite.com\/fr\/services\/logiciel\/"]}]},{"@type":"ImageObject","inLanguage":"fr-FR","@id":"https:\/\/www.q-lite.com\/fr\/services\/logiciel\/#primaryimage","url":"https:\/\/www.q-lite.com\/wp-content\/uploads\/2021\/02\/Eenvoudige-software-scaled-1.jpg","contentUrl":"https:\/\/www.q-lite.com\/wp-content\/uploads\/2021\/02\/Eenvoudige-software-scaled-1.jpg","width":2560,"height":1707,"caption":"portret van een vrouw met tablet"},{"@type":"BreadcrumbList","@id":"https:\/\/www.q-lite.com\/fr\/services\/logiciel\/#breadcrumb","itemListElement":[{"@type":"ListItem","position":1,"name":"Home","item":"https:\/\/www.q-lite.com\/fr\/"},{"@type":"ListItem","position":2,"name":"Services","item":"https:\/\/www.q-lite.com\/fr\/services\/"},{"@type":"ListItem","position":3,"name":"Logiciel"}]},{"@type":"WebSite","@id":"https:\/\/www.q-lite.com\/fr\/#website","url":"https:\/\/www.q-lite.com\/fr\/","name":"Q-lite","description":"The Smartest Kind of Attention","publisher":{"@id":"https:\/\/www.q-lite.com\/fr\/#organization"},"potentialAction":[{"@type":"SearchAction","target":{"@type":"EntryPoint","urlTemplate":"https:\/\/www.q-lite.com\/fr\/?s={search_term_string}"},"query-input":{"@type":"PropertyValueSpecification","valueRequired":true,"valueName":"search_term_string"}}],"inLanguage":"fr-FR"},{"@type":"Organization","@id":"https:\/\/www.q-lite.com\/fr\/#organization","name":"Q-lite","url":"https:\/\/www.q-lite.com\/fr\/","logo":{"@type":"ImageObject","inLanguage":"fr-FR","@id":"https:\/\/www.q-lite.com\/fr\/#\/schema\/logo\/image\/","url":"https:\/\/www.q-lite.com\/wp-content\/uploads\/2020\/11\/Q-LITE-LOGO-RGB-background-gradient-baseline.png","contentUrl":"https:\/\/www.q-lite.com\/wp-content\/uploads\/2020\/11\/Q-LITE-LOGO-RGB-background-gradient-baseline.png","width":1200,"height":900,"caption":"Q-lite"},"image":{"@id":"https:\/\/www.q-lite.com\/fr\/#\/schema\/logo\/image\/"},"sameAs":["https:\/\/www.facebook.com\/qlite.led\/","https:\/\/www.instagram.com\/qlite.led\/","https:\/\/www.linkedin.com\/company\/q-lite\/","https:\/\/www.youtube.com\/@q-lite"]}]}},"_links":{"self":[{"href":"https:\/\/www.q-lite.com\/fr\/wp-json\/wp\/v2\/pages\/57096","targetHints":{"allow":["GET"]}}],"collection":[{"href":"https:\/\/www.q-lite.com\/fr\/wp-json\/wp\/v2\/pages"}],"about":[{"href":"https:\/\/www.q-lite.com\/fr\/wp-json\/wp\/v2\/types\/page"}],"author":[{"embeddable":true,"href":"https:\/\/www.q-lite.com\/fr\/wp-json\/wp\/v2\/users\/3"}],"replies":[{"embeddable":true,"href":"https:\/\/www.q-lite.com\/fr\/wp-json\/wp\/v2\/comments?post=57096"}],"version-history":[{"count":0,"href":"https:\/\/www.q-lite.com\/fr\/wp-json\/wp\/v2\/pages\/57096\/revisions"}],"up":[{"embeddable":true,"href":"https:\/\/www.q-lite.com\/fr\/wp-json\/wp\/v2\/pages\/52493"}],"wp:featuredmedia":[{"embeddable":true,"href":"https:\/\/www.q-lite.com\/fr\/wp-json\/wp\/v2\/media\/51358"}],"wp:attachment":[{"href":"https:\/\/www.q-lite.com\/fr\/wp-json\/wp\/v2\/media?parent=57096"}],"wp:term":[{"taxonomy":"markt","embeddable":true,"href":"https:\/\/www.q-lite.com\/fr\/wp-json\/wp\/v2\/markt?post=57096"}],"curies":[{"name":"wp","href":"https:\/\/api.w.org\/{rel}","templated":true}]}}