{"id":75765,"date":"2025-06-05T11:44:12","date_gmt":"2025-06-05T09:44:12","guid":{"rendered":"https:\/\/www.q-lite.com\/laccessibilite\/"},"modified":"2025-06-12T10:00:48","modified_gmt":"2025-06-12T08:00:48","slug":"laccessibilite","status":"publish","type":"page","link":"https:\/\/www.q-lite.com\/fr\/laccessibilite\/","title":{"rendered":"L&rsquo;accessibilit\u00e9"},"content":{"rendered":"\t\t<div data-elementor-type=\"wp-page\" data-elementor-id=\"75765\" class=\"elementor elementor-75765 elementor-75731\" data-elementor-post-type=\"page\">\n\t\t\t\t\t\t<section class=\"elementor-section elementor-top-section elementor-element elementor-element-540c1b3 elementor-section-boxed elementor-section-height-default elementor-section-height-default\" data-id=\"540c1b3\" data-element_type=\"section\" data-e-type=\"section\">\n\t\t\t\t\t\t<div class=\"elementor-container elementor-column-gap-default\">\n\t\t\t\t\t<div class=\"elementor-column elementor-col-100 elementor-top-column elementor-element elementor-element-91849fd\" data-id=\"91849fd\" data-element_type=\"column\" data-e-type=\"column\">\n\t\t\t<div class=\"elementor-widget-wrap elementor-element-populated\">\n\t\t\t\t\t\t<div class=\"elementor-element elementor-element-1b0fc1d elementor-widget elementor-widget-heading\" data-id=\"1b0fc1d\" data-element_type=\"widget\" data-e-type=\"widget\" data-widget_type=\"heading.default\">\n\t\t\t\t<div class=\"elementor-widget-container\">\n\t\t\t\t\t<h1 class=\"elementor-heading-title elementor-size-default\">D\u00e9claration d'accessibilit\u00e9<\/h1>\t\t\t\t<\/div>\n\t\t\t\t<\/div>\n\t\t\t\t\t<\/div>\n\t\t<\/div>\n\t\t\t\t\t<\/div>\n\t\t<\/section>\n\t\t\t\t<section class=\"elementor-section elementor-top-section elementor-element elementor-element-7c96b1e elementor-section-boxed elementor-section-height-default elementor-section-height-default\" data-id=\"7c96b1e\" data-element_type=\"section\" data-e-type=\"section\">\n\t\t\t\t\t\t<div class=\"elementor-container elementor-column-gap-default\">\n\t\t\t\t\t<div class=\"elementor-column elementor-col-100 elementor-top-column elementor-element elementor-element-c4d5c39\" data-id=\"c4d5c39\" data-element_type=\"column\" data-e-type=\"column\">\n\t\t\t<div class=\"elementor-widget-wrap elementor-element-populated\">\n\t\t\t\t\t\t<div class=\"elementor-element elementor-element-7829560 intro elementor-widget elementor-widget-text-editor\" data-id=\"7829560\" data-element_type=\"widget\" data-e-type=\"widget\" data-widget_type=\"text-editor.default\">\n\t\t\t\t<div class=\"elementor-widget-container\">\n\t\t\t\t\t\t\t\t\t<p>Lors de l&rsquo;\u00e9laboration du site web, nous accordons une attention particuli\u00e8re \u00e0 l&rsquo;accessibilit\u00e9 et \u00e0 la facilit\u00e9 de recherche. Nous voulons pr\u00e9senter nos informations de mani\u00e8re \u00e0 ce que tout le monde puisse les consulter et les utiliser correctement. Nous testons donc notre site web par rapport \u00e0 la norme europ\u00e9enne d&rsquo;accessibilit\u00e9 EN 301 549.<\/p>\n\t\t\t\t\t\t\t\t<\/div>\n\t\t\t\t<\/div>\n\t\t\t\t\t<\/div>\n\t\t<\/div>\n\t\t\t\t\t<\/div>\n\t\t<\/section>\n\t\t<div class=\"elementor-element elementor-element-7575c35 e-grid e-con-boxed e-con e-parent\" data-id=\"7575c35\" data-element_type=\"container\" data-e-type=\"container\">\n\t\t\t\t\t<div class=\"e-con-inner\">\n\t\t\t\t<div class=\"elementor-element elementor-element-a7b925b elementor-widget elementor-widget-heading\" data-id=\"a7b925b\" data-element_type=\"widget\" data-e-type=\"widget\" data-widget_type=\"heading.default\">\n\t\t\t\t<div class=\"elementor-widget-container\">\n\t\t\t\t\t<h3 class=\"elementor-heading-title elementor-size-default\">R\u00e9sum\u00e9<\/h3>\t\t\t\t<\/div>\n\t\t\t\t<\/div>\n\t\t\t\t<div class=\"elementor-element elementor-element-cebca98 elementor-icon-list--layout-traditional elementor-list-item-link-full_width elementor-widget elementor-widget-icon-list\" data-id=\"cebca98\" data-element_type=\"widget\" data-e-type=\"widget\" data-widget_type=\"icon-list.default\">\n\t\t\t\t<div class=\"elementor-widget-container\">\n\t\t\t\t\t\t\t<ul class=\"elementor-icon-list-items\">\n\t\t\t\t\t\t\t<li class=\"elementor-icon-list-item\">\n\t\t\t\t\t\t\t\t\t\t\t<span class=\"elementor-icon-list-icon\">\n\t\t\t\t\t\t\t<i aria-hidden=\"true\" class=\"fas fa-check-circle\"><\/i>\t\t\t\t\t\t<\/span>\n\t\t\t\t\t\t\t\t\t\t<span class=\"elementor-icon-list-text\">La page a un titre.<\/span>\n\t\t\t\t\t\t\t\t\t<\/li>\n\t\t\t\t\t\t\t\t<li class=\"elementor-icon-list-item\">\n\t\t\t\t\t\t\t\t\t\t\t<span class=\"elementor-icon-list-icon\">\n\t\t\t\t\t\t\t<i aria-hidden=\"true\" class=\"fas fa-check-circle\"><\/i>\t\t\t\t\t\t<\/span>\n\t\t\t\t\t\t\t\t\t\t<span class=\"elementor-icon-list-text\">La page a une langue valide.<\/span>\n\t\t\t\t\t\t\t\t\t<\/li>\n\t\t\t\t\t\t\t\t<li class=\"elementor-icon-list-item\">\n\t\t\t\t\t\t\t\t\t\t\t<span class=\"elementor-icon-list-icon\">\n\t\t\t\t\t\t\t<i aria-hidden=\"true\" class=\"fas fa-check-circle\"><\/i>\t\t\t\t\t\t<\/span>\n\t\t\t\t\t\t\t\t\t\t<span class=\"elementor-icon-list-text\">Les images ont une alternative textuelle.<\/span>\n\t\t\t\t\t\t\t\t\t<\/li>\n\t\t\t\t\t\t\t\t<li class=\"elementor-icon-list-item\">\n\t\t\t\t\t\t\t\t\t\t\t<span class=\"elementor-icon-list-icon\">\n\t\t\t\t\t\t\t<i aria-hidden=\"true\" class=\"fas fa-check-circle\"><\/i>\t\t\t\t\t\t<\/span>\n\t\t\t\t\t\t\t\t\t\t<span class=\"elementor-icon-list-text\">La page utilise des hyperliens pour contourner les blocs de contenu.<\/span>\n\t\t\t\t\t\t\t\t\t<\/li>\n\t\t\t\t\t\t\t\t<li class=\"elementor-icon-list-item\">\n\t\t\t\t\t\t\t\t\t\t\t<span class=\"elementor-icon-list-icon\">\n\t\t\t\t\t\t\t<i aria-hidden=\"true\" class=\"fas fa-check-circle\"><\/i>\t\t\t\t\t\t<\/span>\n\t\t\t\t\t\t\t\t\t\t<span class=\"elementor-icon-list-text\">Tous les champs du formulaire ont une \u00e9tiquette.<\/span>\n\t\t\t\t\t\t\t\t\t<\/li>\n\t\t\t\t\t\t<\/ul>\n\t\t\t\t\t\t<\/div>\n\t\t\t\t<\/div>\n\t\t\t\t<div class=\"elementor-element elementor-element-50401f9 elementor-icon-list--layout-traditional elementor-list-item-link-full_width elementor-widget elementor-widget-icon-list\" data-id=\"50401f9\" data-element_type=\"widget\" data-e-type=\"widget\" data-widget_type=\"icon-list.default\">\n\t\t\t\t<div class=\"elementor-widget-container\">\n\t\t\t\t\t\t\t<ul class=\"elementor-icon-list-items\">\n\t\t\t\t\t\t\t<li class=\"elementor-icon-list-item\">\n\t\t\t\t\t\t\t\t\t\t\t<span class=\"elementor-icon-list-icon\">\n\t\t\t\t\t\t\t<i aria-hidden=\"true\" class=\"fas fa-times-circle\"><\/i>\t\t\t\t\t\t<\/span>\n\t\t\t\t\t\t\t\t\t\t<span class=\"elementor-icon-list-text\">Tous les \u00e9l\u00e9ments ne sont pas suffisamment contrast\u00e9s.<\/span>\n\t\t\t\t\t\t\t\t\t<\/li>\n\t\t\t\t\t\t\t\t<li class=\"elementor-icon-list-item\">\n\t\t\t\t\t\t\t\t\t\t\t<span class=\"elementor-icon-list-icon\">\n\t\t\t\t\t\t\t<i aria-hidden=\"true\" class=\"fas fa-times-circle\"><\/i>\t\t\t\t\t\t<\/span>\n\t\t\t\t\t\t\t\t\t\t<span class=\"elementor-icon-list-text\">Tous les liens n'ont pas de texte visible.<\/span>\n\t\t\t\t\t\t\t\t\t<\/li>\n\t\t\t\t\t\t<\/ul>\n\t\t\t\t\t\t<\/div>\n\t\t\t\t<\/div>\n\t\t\t\t\t<\/div>\n\t\t\t\t<\/div>\n\t\t<div class=\"elementor-element elementor-element-703a7ee e-grid e-con-boxed e-con e-parent\" data-id=\"703a7ee\" data-element_type=\"container\" data-e-type=\"container\">\n\t\t\t\t\t<div class=\"e-con-inner\">\n\t\t\t\t<div class=\"elementor-element elementor-element-f2a6964 elementor-widget elementor-widget-heading\" data-id=\"f2a6964\" data-element_type=\"widget\" data-e-type=\"widget\" data-widget_type=\"heading.default\">\n\t\t\t\t<div class=\"elementor-widget-container\">\n\t\t\t\t\t<h3 class=\"elementor-heading-title elementor-size-default\">Domaines dans lesquels le site web n'est pas encore satisfaisant<\/h3>\t\t\t\t<\/div>\n\t\t\t\t<\/div>\n\t\t\t\t<div class=\"elementor-element elementor-element-88fb6f8 elementor-widget elementor-widget-text-editor\" data-id=\"88fb6f8\" data-element_type=\"widget\" data-e-type=\"widget\" data-widget_type=\"text-editor.default\">\n\t\t\t\t<div class=\"elementor-widget-container\">\n\t\t\t\t\t\t\t\t\t<p>Nous sommes conscients que certains \u00e9l\u00e9ments du site web ne sont pas accessibles. Par exemple:<\/p>\n<ul>\n<li><strong>Les \u00e9l\u00e9ments doivent respecter le rapport de contraste minimal:<\/strong><br \/>Nous devons encore nous assurer que le contraste entre les couleurs d&rsquo;avant-plan et d&rsquo;arri\u00e8re-plan est conforme aux r\u00e8gles de contraste des WCAG 2 AA.<\/li>\n<li><strong>Les liens doivent comporter un texte perceptible:<\/strong><br \/>Nous devons encore veiller \u00e0 ce que tous les liens soient accompagn\u00e9s d&rsquo;un texte perceptible.<\/li>\n<\/ul>\n\t\t\t\t\t\t\t\t<\/div>\n\t\t\t\t<\/div>\n\t\t\t\t\t<\/div>\n\t\t\t\t<\/div>\n\t\t<div class=\"elementor-element elementor-element-74fb46e e-grid e-con-boxed e-con e-parent\" data-id=\"74fb46e\" data-element_type=\"container\" data-e-type=\"container\">\n\t\t\t\t\t<div class=\"e-con-inner\">\n\t\t\t\t<div class=\"elementor-element elementor-element-d4fc0a3 elementor-widget elementor-widget-heading\" data-id=\"d4fc0a3\" data-element_type=\"widget\" data-e-type=\"widget\" data-widget_type=\"heading.default\">\n\t\t\t\t<div class=\"elementor-widget-container\">\n\t\t\t\t\t<h3 class=\"elementor-heading-title elementor-size-default\">Feedback et coordonn\u00e9es<\/h3>\t\t\t\t<\/div>\n\t\t\t\t<\/div>\n\t\t\t\t<div class=\"elementor-element elementor-element-6ce07d9 elementor-widget elementor-widget-text-editor\" data-id=\"6ce07d9\" data-element_type=\"widget\" data-e-type=\"widget\" data-widget_type=\"text-editor.default\">\n\t\t\t\t<div class=\"elementor-widget-container\">\n\t\t\t\t\t\t\t\t\t<p>Vous rencontrez un probl\u00e8me d&rsquo;accessibilit\u00e9? Vous avez une question ou un commentaire sur l&rsquo;accessibilit\u00e9 de notre site web? Alors, contactez-nous.<\/p>\n<\/p>\n<p><strong>Date de la d\u00e9claration<\/strong><\/p>\n<p>6 mai 2025<\/p>\n\t\t\t\t\t\t\t\t<\/div>\n\t\t\t\t<\/div>\n\t\t\t\t\t<\/div>\n\t\t\t\t<\/div>\n\t\t\t\t<\/div>\n\t\t","protected":false},"excerpt":{"rendered":"<p>Lors de l&rsquo;\u00e9laboration du site web, nous accordons une attention particuli\u00e8re \u00e0 l&rsquo;accessibilit\u00e9 et \u00e0 la facilit\u00e9 de recherche. Nous voulons pr\u00e9senter nos informations de mani\u00e8re \u00e0 ce que tout le monde puisse les consulter et les utiliser correctement. <\/p>\n","protected":false},"author":3,"featured_media":51156,"parent":0,"menu_order":0,"comment_status":"closed","ping_status":"open","template":"","meta":{"_acf_changed":false,"footnotes":""},"markt":[],"class_list":["post-75765","page","type-page","status-publish","has-post-thumbnail","hentry"],"acf":[],"yoast_head":"<!-- This site is optimized with the Yoast SEO plugin v27.1.1 - https:\/\/yoast.com\/product\/yoast-seo-wordpress\/ -->\n<title>L&#039;accessibilit\u00e9 | Q-lite<\/title>\n<meta name=\"description\" content=\"Q-lite prend votre vie priv\u00e9e tr\u00e8s au s\u00e9rieux et fait tout son possible pour traiter toutes les donn\u00e9es personnelles qui lui sont confi\u00e9es de mani\u00e8re correcte et transparente.\" \/>\n<meta name=\"robots\" content=\"index, follow, max-snippet:-1, max-image-preview:large, max-video-preview:-1\" \/>\n<link rel=\"canonical\" href=\"https:\/\/www.q-lite.com\/fr\/laccessibilite\/\" \/>\n<meta property=\"og:locale\" content=\"fr_FR\" \/>\n<meta property=\"og:type\" content=\"article\" \/>\n<meta property=\"og:title\" content=\"L&#039;accessibilit\u00e9 | Q-lite\" \/>\n<meta property=\"og:description\" content=\"Q-lite prend votre vie priv\u00e9e tr\u00e8s au s\u00e9rieux et fait tout son possible pour traiter toutes les donn\u00e9es personnelles qui lui sont confi\u00e9es de mani\u00e8re correcte et transparente.\" \/>\n<meta property=\"og:url\" content=\"https:\/\/www.q-lite.com\/fr\/laccessibilite\/\" \/>\n<meta property=\"og:site_name\" content=\"Q-lite\" \/>\n<meta property=\"article:publisher\" content=\"https:\/\/www.facebook.com\/qlite.led\/\" \/>\n<meta property=\"article:modified_time\" content=\"2025-06-12T08:00:48+00:00\" \/>\n<meta property=\"og:image\" content=\"https:\/\/www.q-lite.com\/wp-content\/uploads\/2020\/11\/Q-LITE-LOGO-RGB-background-gradient-baseline.png\" \/>\n\t<meta property=\"og:image:width\" content=\"1200\" \/>\n\t<meta property=\"og:image:height\" content=\"900\" \/>\n\t<meta property=\"og:image:type\" content=\"image\/png\" \/>\n<meta name=\"twitter:card\" content=\"summary_large_image\" \/>\n<script type=\"application\/ld+json\" class=\"yoast-schema-graph\">{\"@context\":\"https:\/\/schema.org\",\"@graph\":[{\"@type\":\"WebPage\",\"@id\":\"https:\/\/www.q-lite.com\/fr\/laccessibilite\/\",\"url\":\"https:\/\/www.q-lite.com\/fr\/laccessibilite\/\",\"name\":\"L'accessibilit\u00e9 | Q-lite\",\"isPartOf\":{\"@id\":\"https:\/\/www.q-lite.com\/fr\/#website\"},\"primaryImageOfPage\":{\"@id\":\"https:\/\/www.q-lite.com\/fr\/laccessibilite\/#primaryimage\"},\"image\":{\"@id\":\"https:\/\/www.q-lite.com\/fr\/laccessibilite\/#primaryimage\"},\"thumbnailUrl\":\"https:\/\/www.q-lite.com\/wp-content\/uploads\/2020\/11\/Q-LITE-LOGO-RGB-background-gradient-baseline.png\",\"datePublished\":\"2025-06-05T09:44:12+00:00\",\"dateModified\":\"2025-06-12T08:00:48+00:00\",\"description\":\"Q-lite prend votre vie priv\u00e9e tr\u00e8s au s\u00e9rieux et fait tout son possible pour traiter toutes les donn\u00e9es personnelles qui lui sont confi\u00e9es de mani\u00e8re correcte et transparente.\",\"breadcrumb\":{\"@id\":\"https:\/\/www.q-lite.com\/fr\/laccessibilite\/#breadcrumb\"},\"inLanguage\":\"fr-FR\",\"potentialAction\":[{\"@type\":\"ReadAction\",\"target\":[\"https:\/\/www.q-lite.com\/fr\/laccessibilite\/\"]}]},{\"@type\":\"ImageObject\",\"inLanguage\":\"fr-FR\",\"@id\":\"https:\/\/www.q-lite.com\/fr\/laccessibilite\/#primaryimage\",\"url\":\"https:\/\/www.q-lite.com\/wp-content\/uploads\/2020\/11\/Q-LITE-LOGO-RGB-background-gradient-baseline.png\",\"contentUrl\":\"https:\/\/www.q-lite.com\/wp-content\/uploads\/2020\/11\/Q-LITE-LOGO-RGB-background-gradient-baseline.png\",\"width\":1200,\"height\":900,\"caption\":\"Q-lite logo met baseline gradient background\"},{\"@type\":\"BreadcrumbList\",\"@id\":\"https:\/\/www.q-lite.com\/fr\/laccessibilite\/#breadcrumb\",\"itemListElement\":[{\"@type\":\"ListItem\",\"position\":1,\"name\":\"Home\",\"item\":\"https:\/\/www.q-lite.com\/fr\/\"},{\"@type\":\"ListItem\",\"position\":2,\"name\":\"L&rsquo;accessibilit\u00e9\"}]},{\"@type\":\"WebSite\",\"@id\":\"https:\/\/www.q-lite.com\/fr\/#website\",\"url\":\"https:\/\/www.q-lite.com\/fr\/\",\"name\":\"Q-lite\",\"description\":\"The Smartest Kind of Attention\",\"publisher\":{\"@id\":\"https:\/\/www.q-lite.com\/fr\/#organization\"},\"potentialAction\":[{\"@type\":\"SearchAction\",\"target\":{\"@type\":\"EntryPoint\",\"urlTemplate\":\"https:\/\/www.q-lite.com\/fr\/?s={search_term_string}\"},\"query-input\":{\"@type\":\"PropertyValueSpecification\",\"valueRequired\":true,\"valueName\":\"search_term_string\"}}],\"inLanguage\":\"fr-FR\"},{\"@type\":\"Organization\",\"@id\":\"https:\/\/www.q-lite.com\/fr\/#organization\",\"name\":\"Q-lite\",\"url\":\"https:\/\/www.q-lite.com\/fr\/\",\"logo\":{\"@type\":\"ImageObject\",\"inLanguage\":\"fr-FR\",\"@id\":\"https:\/\/www.q-lite.com\/fr\/#\/schema\/logo\/image\/\",\"url\":\"https:\/\/www.q-lite.com\/wp-content\/uploads\/2020\/11\/Q-LITE-LOGO-RGB-background-gradient-baseline.png\",\"contentUrl\":\"https:\/\/www.q-lite.com\/wp-content\/uploads\/2020\/11\/Q-LITE-LOGO-RGB-background-gradient-baseline.png\",\"width\":1200,\"height\":900,\"caption\":\"Q-lite\"},\"image\":{\"@id\":\"https:\/\/www.q-lite.com\/fr\/#\/schema\/logo\/image\/\"},\"sameAs\":[\"https:\/\/www.facebook.com\/qlite.led\/\",\"https:\/\/www.instagram.com\/qlite.led\/\",\"https:\/\/www.linkedin.com\/company\/q-lite\/\",\"https:\/\/www.youtube.com\/@q-lite\"]}]}<\/script>\n<!-- \/ Yoast SEO plugin. -->","yoast_head_json":{"title":"L'accessibilit\u00e9 | Q-lite","description":"Q-lite prend votre vie priv\u00e9e tr\u00e8s au s\u00e9rieux et fait tout son possible pour traiter toutes les donn\u00e9es personnelles qui lui sont confi\u00e9es de mani\u00e8re correcte et transparente.","robots":{"index":"index","follow":"follow","max-snippet":"max-snippet:-1","max-image-preview":"max-image-preview:large","max-video-preview":"max-video-preview:-1"},"canonical":"https:\/\/www.q-lite.com\/fr\/laccessibilite\/","og_locale":"fr_FR","og_type":"article","og_title":"L'accessibilit\u00e9 | Q-lite","og_description":"Q-lite prend votre vie priv\u00e9e tr\u00e8s au s\u00e9rieux et fait tout son possible pour traiter toutes les donn\u00e9es personnelles qui lui sont confi\u00e9es de mani\u00e8re correcte et transparente.","og_url":"https:\/\/www.q-lite.com\/fr\/laccessibilite\/","og_site_name":"Q-lite","article_publisher":"https:\/\/www.facebook.com\/qlite.led\/","article_modified_time":"2025-06-12T08:00:48+00:00","og_image":[{"width":1200,"height":900,"url":"https:\/\/www.q-lite.com\/wp-content\/uploads\/2020\/11\/Q-LITE-LOGO-RGB-background-gradient-baseline.png","type":"image\/png"}],"twitter_card":"summary_large_image","schema":{"@context":"https:\/\/schema.org","@graph":[{"@type":"WebPage","@id":"https:\/\/www.q-lite.com\/fr\/laccessibilite\/","url":"https:\/\/www.q-lite.com\/fr\/laccessibilite\/","name":"L'accessibilit\u00e9 | Q-lite","isPartOf":{"@id":"https:\/\/www.q-lite.com\/fr\/#website"},"primaryImageOfPage":{"@id":"https:\/\/www.q-lite.com\/fr\/laccessibilite\/#primaryimage"},"image":{"@id":"https:\/\/www.q-lite.com\/fr\/laccessibilite\/#primaryimage"},"thumbnailUrl":"https:\/\/www.q-lite.com\/wp-content\/uploads\/2020\/11\/Q-LITE-LOGO-RGB-background-gradient-baseline.png","datePublished":"2025-06-05T09:44:12+00:00","dateModified":"2025-06-12T08:00:48+00:00","description":"Q-lite prend votre vie priv\u00e9e tr\u00e8s au s\u00e9rieux et fait tout son possible pour traiter toutes les donn\u00e9es personnelles qui lui sont confi\u00e9es de mani\u00e8re correcte et transparente.","breadcrumb":{"@id":"https:\/\/www.q-lite.com\/fr\/laccessibilite\/#breadcrumb"},"inLanguage":"fr-FR","potentialAction":[{"@type":"ReadAction","target":["https:\/\/www.q-lite.com\/fr\/laccessibilite\/"]}]},{"@type":"ImageObject","inLanguage":"fr-FR","@id":"https:\/\/www.q-lite.com\/fr\/laccessibilite\/#primaryimage","url":"https:\/\/www.q-lite.com\/wp-content\/uploads\/2020\/11\/Q-LITE-LOGO-RGB-background-gradient-baseline.png","contentUrl":"https:\/\/www.q-lite.com\/wp-content\/uploads\/2020\/11\/Q-LITE-LOGO-RGB-background-gradient-baseline.png","width":1200,"height":900,"caption":"Q-lite logo met baseline gradient background"},{"@type":"BreadcrumbList","@id":"https:\/\/www.q-lite.com\/fr\/laccessibilite\/#breadcrumb","itemListElement":[{"@type":"ListItem","position":1,"name":"Home","item":"https:\/\/www.q-lite.com\/fr\/"},{"@type":"ListItem","position":2,"name":"L&rsquo;accessibilit\u00e9"}]},{"@type":"WebSite","@id":"https:\/\/www.q-lite.com\/fr\/#website","url":"https:\/\/www.q-lite.com\/fr\/","name":"Q-lite","description":"The Smartest Kind of Attention","publisher":{"@id":"https:\/\/www.q-lite.com\/fr\/#organization"},"potentialAction":[{"@type":"SearchAction","target":{"@type":"EntryPoint","urlTemplate":"https:\/\/www.q-lite.com\/fr\/?s={search_term_string}"},"query-input":{"@type":"PropertyValueSpecification","valueRequired":true,"valueName":"search_term_string"}}],"inLanguage":"fr-FR"},{"@type":"Organization","@id":"https:\/\/www.q-lite.com\/fr\/#organization","name":"Q-lite","url":"https:\/\/www.q-lite.com\/fr\/","logo":{"@type":"ImageObject","inLanguage":"fr-FR","@id":"https:\/\/www.q-lite.com\/fr\/#\/schema\/logo\/image\/","url":"https:\/\/www.q-lite.com\/wp-content\/uploads\/2020\/11\/Q-LITE-LOGO-RGB-background-gradient-baseline.png","contentUrl":"https:\/\/www.q-lite.com\/wp-content\/uploads\/2020\/11\/Q-LITE-LOGO-RGB-background-gradient-baseline.png","width":1200,"height":900,"caption":"Q-lite"},"image":{"@id":"https:\/\/www.q-lite.com\/fr\/#\/schema\/logo\/image\/"},"sameAs":["https:\/\/www.facebook.com\/qlite.led\/","https:\/\/www.instagram.com\/qlite.led\/","https:\/\/www.linkedin.com\/company\/q-lite\/","https:\/\/www.youtube.com\/@q-lite"]}]}},"_links":{"self":[{"href":"https:\/\/www.q-lite.com\/fr\/wp-json\/wp\/v2\/pages\/75765","targetHints":{"allow":["GET"]}}],"collection":[{"href":"https:\/\/www.q-lite.com\/fr\/wp-json\/wp\/v2\/pages"}],"about":[{"href":"https:\/\/www.q-lite.com\/fr\/wp-json\/wp\/v2\/types\/page"}],"author":[{"embeddable":true,"href":"https:\/\/www.q-lite.com\/fr\/wp-json\/wp\/v2\/users\/3"}],"replies":[{"embeddable":true,"href":"https:\/\/www.q-lite.com\/fr\/wp-json\/wp\/v2\/comments?post=75765"}],"version-history":[{"count":1,"href":"https:\/\/www.q-lite.com\/fr\/wp-json\/wp\/v2\/pages\/75765\/revisions"}],"predecessor-version":[{"id":75766,"href":"https:\/\/www.q-lite.com\/fr\/wp-json\/wp\/v2\/pages\/75765\/revisions\/75766"}],"wp:featuredmedia":[{"embeddable":true,"href":"https:\/\/www.q-lite.com\/fr\/wp-json\/wp\/v2\/media\/51156"}],"wp:attachment":[{"href":"https:\/\/www.q-lite.com\/fr\/wp-json\/wp\/v2\/media?parent=75765"}],"wp:term":[{"taxonomy":"markt","embeddable":true,"href":"https:\/\/www.q-lite.com\/fr\/wp-json\/wp\/v2\/markt?post=75765"}],"curies":[{"name":"wp","href":"https:\/\/api.w.org\/{rel}","templated":true}]}}